{"id":679,"date":"2024-12-09T15:17:57","date_gmt":"2024-12-09T15:17:57","guid":{"rendered":"https:\/\/theamelsworld.com\/?post_type=product&#038;p=679"},"modified":"2025-08-22T23:31:03","modified_gmt":"2025-08-22T23:31:03","slug":"press-on-nails-love","status":"publish","type":"product","link":"https:\/\/theamelsworld.com\/en\/product\/press-on-nails-love\/","title":{"rendered":"Press on Nails \u201cLove\u201d"},"content":{"rendered":"<p>Amel&#039;s World has created press-on nails, perfect for enhancing special moments or brightening up your everyday life. A touch of elegance expresses your style with grace and originality.<\/p>\n<p><em>Glue dots last 1-2 weeks <\/em><\/p>\n<p>Sold with the nail kit (nail file, nail glue, spatula)<\/p>\n<p><strong>Directions for use:<\/strong><\/p>\n<p>To apply them, use false nail glue and press for 10 seconds!<\/p>\n<p>To remove them, simply use a container with room water, sunflower oil and dish soap, let the nails soak for 10 minutes, and using the spatula, the press on nails will peel off.<\/p>","protected":false},"excerpt":{"rendered":"<p>Amel\u2019s World a imagin\u00e9 des press on Nails, parfait pour sublimer des moments sp\u00e9ciaux ou illuminer votre quotidien. La touche d\u2019\u00e9l\u00e9gance vient exprimer votre style avec gr\u00e2ce et originalit\u00e9. Les points de colle tiennent 1-2 semaines Vendu avec le kit \u00e0 ongles ( lime \u00e0 ongles, colle \u00e0 ongles, spatule) Conseil d\u2019utilisation : Pour les [&hellip;]<\/p>\n","protected":false},"featured_media":666,"comment_status":"open","ping_status":"closed","template":"","meta":{"nf_dc_page":""},"product_brand":[],"product_cat":[35,38],"product_tag":[],"class_list":{"0":"post-679","1":"product","2":"type-product","3":"status-publish","4":"has-post-thumbnail","6":"product_cat-accessoires","7":"product_cat-press-on-nails","8":"product_shipping_class-classic-shipping","10":"first","11":"instock","12":"sale","13":"taxable","14":"shipping-taxable","15":"purchasable","16":"product-type-variable"},"yoast_head":"<!-- This site is optimized with the Yoast SEO plugin v27.5 - https:\/\/yoast.com\/product\/yoast-seo-wordpress\/ -->\n<title>Press on Nails &quot;Love&quot; - The Amel&#039;s World<\/title>\n<meta name=\"robots\" content=\"index, follow, max-snippet:-1, max-image-preview:large, max-video-preview:-1\" \/>\n<link rel=\"canonical\" href=\"https:\/\/theamelsworld.com\/en\/product\/press-on-nails-love\/\" \/>\n<meta property=\"og:locale\" content=\"en_US\" \/>\n<meta property=\"og:type\" content=\"article\" \/>\n<meta property=\"og:title\" content=\"Press on Nails &quot;Love&quot; - The Amel&#039;s World\" \/>\n<meta property=\"og:description\" content=\"Amel\u2019s World a imagin\u00e9 des press on Nails, parfait pour sublimer des moments sp\u00e9ciaux ou illuminer votre quotidien. La touche d\u2019\u00e9l\u00e9gance vient exprimer votre style avec gr\u00e2ce et originalit\u00e9. Les points de colle tiennent 1-2 semaines Vendu avec le kit \u00e0 ongles ( lime \u00e0 ongles, colle \u00e0 ongles, spatule) Conseil d\u2019utilisation : Pour les [&hellip;]\" \/>\n<meta property=\"og:url\" content=\"https:\/\/theamelsworld.com\/en\/product\/press-on-nails-love\/\" \/>\n<meta property=\"og:site_name\" content=\"The Amel&#039;s World\" \/>\n<meta property=\"article:modified_time\" content=\"2025-08-22T23:31:03+00:00\" \/>\n<meta property=\"og:image\" content=\"https:\/\/theamelsworld.com\/wp-content\/uploads\/2024\/12\/C01EE4AE-AF1D-4EFB-A424-83996FD2ACA5-scaled.jpeg\" \/>\n\t<meta property=\"og:image:width\" content=\"2560\" \/>\n\t<meta property=\"og:image:height\" content=\"2560\" \/>\n\t<meta property=\"og:image:type\" content=\"image\/jpeg\" \/>\n<meta name=\"twitter:card\" content=\"summary_large_image\" \/>\n<meta name=\"twitter:label1\" content=\"Est. reading time\" \/>\n\t<meta name=\"twitter:data1\" content=\"1 minute\" \/>\n<script type=\"application\/ld+json\" class=\"yoast-schema-graph\">{\"@context\":\"https:\\\/\\\/schema.org\",\"@graph\":[{\"@type\":\"WebPage\",\"@id\":\"https:\\\/\\\/theamelsworld.com\\\/product\\\/press-on-nails-love\\\/\",\"url\":\"https:\\\/\\\/theamelsworld.com\\\/product\\\/press-on-nails-love\\\/\",\"name\":\"Press on Nails \\\"Love\\\" - The Amel&#039;s World\",\"isPartOf\":{\"@id\":\"https:\\\/\\\/theamelsworld.com\\\/#website\"},\"primaryImageOfPage\":{\"@id\":\"https:\\\/\\\/theamelsworld.com\\\/product\\\/press-on-nails-love\\\/#primaryimage\"},\"image\":{\"@id\":\"https:\\\/\\\/theamelsworld.com\\\/product\\\/press-on-nails-love\\\/#primaryimage\"},\"thumbnailUrl\":\"https:\\\/\\\/theamelsworld.com\\\/wp-content\\\/uploads\\\/2024\\\/12\\\/C01EE4AE-AF1D-4EFB-A424-83996FD2ACA5-scaled.jpeg\",\"datePublished\":\"2024-12-09T15:17:57+00:00\",\"dateModified\":\"2025-08-22T23:31:03+00:00\",\"breadcrumb\":{\"@id\":\"https:\\\/\\\/theamelsworld.com\\\/product\\\/press-on-nails-love\\\/#breadcrumb\"},\"inLanguage\":\"en-US\",\"potentialAction\":[{\"@type\":\"ReadAction\",\"target\":[\"https:\\\/\\\/theamelsworld.com\\\/product\\\/press-on-nails-love\\\/\"]}]},{\"@type\":\"ImageObject\",\"inLanguage\":\"en-US\",\"@id\":\"https:\\\/\\\/theamelsworld.com\\\/product\\\/press-on-nails-love\\\/#primaryimage\",\"url\":\"https:\\\/\\\/theamelsworld.com\\\/wp-content\\\/uploads\\\/2024\\\/12\\\/C01EE4AE-AF1D-4EFB-A424-83996FD2ACA5-scaled.jpeg\",\"contentUrl\":\"https:\\\/\\\/theamelsworld.com\\\/wp-content\\\/uploads\\\/2024\\\/12\\\/C01EE4AE-AF1D-4EFB-A424-83996FD2ACA5-scaled.jpeg\",\"width\":2560,\"height\":2560,\"caption\":\"Press on Nails \\\"Love\\\" Photo 1\"},{\"@type\":\"BreadcrumbList\",\"@id\":\"https:\\\/\\\/theamelsworld.com\\\/product\\\/press-on-nails-love\\\/#breadcrumb\",\"itemListElement\":[{\"@type\":\"ListItem\",\"position\":1,\"name\":\"Home\",\"item\":\"https:\\\/\\\/theamelsworld.com\\\/\"},{\"@type\":\"ListItem\",\"position\":2,\"name\":\"La Boutique\",\"item\":\"https:\\\/\\\/theamelsworld.com\\\/shop\\\/\"},{\"@type\":\"ListItem\",\"position\":3,\"name\":\"Press on Nails &#8220;Love&#8221;\"}]},{\"@type\":\"WebSite\",\"@id\":\"https:\\\/\\\/theamelsworld.com\\\/#website\",\"url\":\"https:\\\/\\\/theamelsworld.com\\\/\",\"name\":\"The Amel&#039;s World\",\"description\":\"\",\"publisher\":{\"@id\":\"https:\\\/\\\/theamelsworld.com\\\/#organization\"},\"potentialAction\":[{\"@type\":\"SearchAction\",\"target\":{\"@type\":\"EntryPoint\",\"urlTemplate\":\"https:\\\/\\\/theamelsworld.com\\\/?s={search_term_string}\"},\"query-input\":{\"@type\":\"PropertyValueSpecification\",\"valueRequired\":true,\"valueName\":\"search_term_string\"}}],\"inLanguage\":\"en-US\"},{\"@type\":\"Organization\",\"@id\":\"https:\\\/\\\/theamelsworld.com\\\/#organization\",\"name\":\"The Amel&#039;s World\",\"url\":\"https:\\\/\\\/theamelsworld.com\\\/\",\"logo\":{\"@type\":\"ImageObject\",\"inLanguage\":\"en-US\",\"@id\":\"https:\\\/\\\/theamelsworld.com\\\/#\\\/schema\\\/logo\\\/image\\\/\",\"url\":\"https:\\\/\\\/theamelsworld.com\\\/wp-content\\\/uploads\\\/2024\\\/05\\\/Logo-png-transparent-background.png\",\"contentUrl\":\"https:\\\/\\\/theamelsworld.com\\\/wp-content\\\/uploads\\\/2024\\\/05\\\/Logo-png-transparent-background.png\",\"width\":313,\"height\":202,\"caption\":\"The Amel&#039;s World\"},\"image\":{\"@id\":\"https:\\\/\\\/theamelsworld.com\\\/#\\\/schema\\\/logo\\\/image\\\/\"}}]}<\/script>\n<!-- \/ Yoast SEO plugin. -->","yoast_head_json":{"title":"Press on Nails \"Love\" - The Amel&#039;s World","robots":{"index":"index","follow":"follow","max-snippet":"max-snippet:-1","max-image-preview":"max-image-preview:large","max-video-preview":"max-video-preview:-1"},"canonical":"https:\/\/theamelsworld.com\/en\/product\/press-on-nails-love\/","og_locale":"en_US","og_type":"article","og_title":"Press on Nails \"Love\" - The Amel&#039;s World","og_description":"Amel\u2019s World a imagin\u00e9 des press on Nails, parfait pour sublimer des moments sp\u00e9ciaux ou illuminer votre quotidien. La touche d\u2019\u00e9l\u00e9gance vient exprimer votre style avec gr\u00e2ce et originalit\u00e9. Les points de colle tiennent 1-2 semaines Vendu avec le kit \u00e0 ongles ( lime \u00e0 ongles, colle \u00e0 ongles, spatule) Conseil d\u2019utilisation : Pour les [&hellip;]","og_url":"https:\/\/theamelsworld.com\/en\/product\/press-on-nails-love\/","og_site_name":"The Amel&#039;s World","article_modified_time":"2025-08-22T23:31:03+00:00","og_image":[{"width":2560,"height":2560,"url":"https:\/\/theamelsworld.com\/wp-content\/uploads\/2024\/12\/C01EE4AE-AF1D-4EFB-A424-83996FD2ACA5-scaled.jpeg","type":"image\/jpeg"}],"twitter_card":"summary_large_image","twitter_misc":{"Est. reading time":"1 minute"},"schema":{"@context":"https:\/\/schema.org","@graph":[{"@type":"WebPage","@id":"https:\/\/theamelsworld.com\/product\/press-on-nails-love\/","url":"https:\/\/theamelsworld.com\/product\/press-on-nails-love\/","name":"Press on Nails \"Love\" - The Amel&#039;s World","isPartOf":{"@id":"https:\/\/theamelsworld.com\/#website"},"primaryImageOfPage":{"@id":"https:\/\/theamelsworld.com\/product\/press-on-nails-love\/#primaryimage"},"image":{"@id":"https:\/\/theamelsworld.com\/product\/press-on-nails-love\/#primaryimage"},"thumbnailUrl":"https:\/\/theamelsworld.com\/wp-content\/uploads\/2024\/12\/C01EE4AE-AF1D-4EFB-A424-83996FD2ACA5-scaled.jpeg","datePublished":"2024-12-09T15:17:57+00:00","dateModified":"2025-08-22T23:31:03+00:00","breadcrumb":{"@id":"https:\/\/theamelsworld.com\/product\/press-on-nails-love\/#breadcrumb"},"inLanguage":"en-US","potentialAction":[{"@type":"ReadAction","target":["https:\/\/theamelsworld.com\/product\/press-on-nails-love\/"]}]},{"@type":"ImageObject","inLanguage":"en-US","@id":"https:\/\/theamelsworld.com\/product\/press-on-nails-love\/#primaryimage","url":"https:\/\/theamelsworld.com\/wp-content\/uploads\/2024\/12\/C01EE4AE-AF1D-4EFB-A424-83996FD2ACA5-scaled.jpeg","contentUrl":"https:\/\/theamelsworld.com\/wp-content\/uploads\/2024\/12\/C01EE4AE-AF1D-4EFB-A424-83996FD2ACA5-scaled.jpeg","width":2560,"height":2560,"caption":"Press on Nails \"Love\" Photo 1"},{"@type":"BreadcrumbList","@id":"https:\/\/theamelsworld.com\/product\/press-on-nails-love\/#breadcrumb","itemListElement":[{"@type":"ListItem","position":1,"name":"Home","item":"https:\/\/theamelsworld.com\/"},{"@type":"ListItem","position":2,"name":"La Boutique","item":"https:\/\/theamelsworld.com\/shop\/"},{"@type":"ListItem","position":3,"name":"Press on Nails &#8220;Love&#8221;"}]},{"@type":"WebSite","@id":"https:\/\/theamelsworld.com\/#website","url":"https:\/\/theamelsworld.com\/","name":"The Amel&#039;s World","description":"","publisher":{"@id":"https:\/\/theamelsworld.com\/#organization"},"potentialAction":[{"@type":"SearchAction","target":{"@type":"EntryPoint","urlTemplate":"https:\/\/theamelsworld.com\/?s={search_term_string}"},"query-input":{"@type":"PropertyValueSpecification","valueRequired":true,"valueName":"search_term_string"}}],"inLanguage":"en-US"},{"@type":"Organization","@id":"https:\/\/theamelsworld.com\/#organization","name":"The Amel&#039;s World","url":"https:\/\/theamelsworld.com\/","logo":{"@type":"ImageObject","inLanguage":"en-US","@id":"https:\/\/theamelsworld.com\/#\/schema\/logo\/image\/","url":"https:\/\/theamelsworld.com\/wp-content\/uploads\/2024\/05\/Logo-png-transparent-background.png","contentUrl":"https:\/\/theamelsworld.com\/wp-content\/uploads\/2024\/05\/Logo-png-transparent-background.png","width":313,"height":202,"caption":"The Amel&#039;s World"},"image":{"@id":"https:\/\/theamelsworld.com\/#\/schema\/logo\/image\/"}}]}},"_links":{"self":[{"href":"https:\/\/theamelsworld.com\/en\/wp-json\/wp\/v2\/product\/679","targetHints":{"allow":["GET"]}}],"collection":[{"href":"https:\/\/theamelsworld.com\/en\/wp-json\/wp\/v2\/product"}],"about":[{"href":"https:\/\/theamelsworld.com\/en\/wp-json\/wp\/v2\/types\/product"}],"replies":[{"embeddable":true,"href":"https:\/\/theamelsworld.com\/en\/wp-json\/wp\/v2\/comments?post=679"}],"version-history":[{"count":1,"href":"https:\/\/theamelsworld.com\/en\/wp-json\/wp\/v2\/product\/679\/revisions"}],"predecessor-version":[{"id":883,"href":"https:\/\/theamelsworld.com\/en\/wp-json\/wp\/v2\/product\/679\/revisions\/883"}],"wp:featuredmedia":[{"embeddable":true,"href":"https:\/\/theamelsworld.com\/en\/wp-json\/wp\/v2\/media\/666"}],"wp:attachment":[{"href":"https:\/\/theamelsworld.com\/en\/wp-json\/wp\/v2\/media?parent=679"}],"wp:term":[{"taxonomy":"product_brand","embeddable":true,"href":"https:\/\/theamelsworld.com\/en\/wp-json\/wp\/v2\/product_brand?post=679"},{"taxonomy":"product_cat","embeddable":true,"href":"https:\/\/theamelsworld.com\/en\/wp-json\/wp\/v2\/product_cat?post=679"},{"taxonomy":"product_tag","embeddable":true,"href":"https:\/\/theamelsworld.com\/en\/wp-json\/wp\/v2\/product_tag?post=679"}],"curies":[{"name":"wp","href":"https:\/\/api.w.org\/{rel}","templated":true}]}}