{"id":532,"date":"2024-12-09T15:09:12","date_gmt":"2024-12-09T15:09:12","guid":{"rendered":"https:\/\/theamelsworld.com\/?post_type=product&#038;p=532"},"modified":"2025-08-22T15:21:43","modified_gmt":"2025-08-22T15:21:43","slug":"collier-majeste","status":"publish","type":"product","link":"https:\/\/theamelsworld.com\/en\/product\/collier-majeste\/","title":{"rendered":"\u201cMajesty\u201d Necklace"},"content":{"rendered":"<p>Unfortunately this item is OUT OF STOCK!<\/p>\n<p>The &#039;Majesty&#039; necklace from Amel&#039;s World will silently transform your future, adding essential strength to your style to conquer the world with confidence.<\/p>\n<p><strong>Composition :<\/strong><\/p>\n<ul>\n<li>A chain made of natural chalcedony stone.<\/li>\n<li>Gold plated brass pendant.<\/li>\n<li>Lobster clasp.<\/li>\n<li>Made in France.<\/li>\n<\/ul>\n<p><strong>Size :<\/strong><span class=\"Apple-converted-space\"><strong>\u00a0<\/strong> <\/span><\/p>\n<p>42cm necklace with a 7cm adjustable chain.<\/p>\n<p><strong>Interview :<\/strong><\/p>\n<p>Avoid contact with water to avoid damaging your jewelry!<span class=\"Apple-converted-space\">\u00a0<\/span><\/p>","protected":false},"excerpt":{"rendered":"<p>Malheureusement cet article est en RUPTURE DE STOCK ! Le collier &#8216;Majest\u00e9&#8217; d\u2019Amel&#8217;s World transformera votre avenir en silence, ajoutant une force essentielle \u00e0 votre style pour conqu\u00e9rir le monde avec assurance. Composition : Une cha\u00eene en pierre naturelle de calc\u00e9doine. Pendentif en laiton plaqu\u00e9 Or. Fermoir \u00e0 mousqueton. Fabriqu\u00e9 en France. Taille :\u00a0 Collier [&hellip;]<\/p>\n","protected":false},"featured_media":1168,"comment_status":"open","ping_status":"closed","template":"","meta":{"nf_dc_page":""},"product_brand":[],"product_cat":[35,37],"product_tag":[],"class_list":{"0":"post-532","1":"product","2":"type-product","3":"status-publish","4":"has-post-thumbnail","6":"product_cat-accessoires","7":"product_cat-colliers","8":"product_shipping_class-classic-shipping","10":"first","11":"outofstock","12":"taxable","13":"shipping-taxable","14":"purchasable","15":"product-type-simple"},"yoast_head":"<!-- This site is optimized with the Yoast SEO plugin v27.5 - https:\/\/yoast.com\/product\/yoast-seo-wordpress\/ -->\n<title>Collier &quot;Majest\u00e9&quot; - The Amel&#039;s World<\/title>\n<meta name=\"robots\" content=\"index, follow, max-snippet:-1, max-image-preview:large, max-video-preview:-1\" \/>\n<link rel=\"canonical\" href=\"https:\/\/theamelsworld.com\/en\/product\/collier-majeste\/\" \/>\n<meta property=\"og:locale\" content=\"en_US\" \/>\n<meta property=\"og:type\" content=\"article\" \/>\n<meta property=\"og:title\" content=\"Collier &quot;Majest\u00e9&quot; - The Amel&#039;s World\" \/>\n<meta property=\"og:description\" content=\"Malheureusement cet article est en RUPTURE DE STOCK ! Le collier &#8216;Majest\u00e9&#8217; d\u2019Amel&#8217;s World transformera votre avenir en silence, ajoutant une force essentielle \u00e0 votre style pour conqu\u00e9rir le monde avec assurance. Composition : Une cha\u00eene en pierre naturelle de calc\u00e9doine. Pendentif en laiton plaqu\u00e9 Or. Fermoir \u00e0 mousqueton. Fabriqu\u00e9 en France. Taille :\u00a0 Collier [&hellip;]\" \/>\n<meta property=\"og:url\" content=\"https:\/\/theamelsworld.com\/en\/product\/collier-majeste\/\" \/>\n<meta property=\"og:site_name\" content=\"The Amel&#039;s World\" \/>\n<meta property=\"article:modified_time\" content=\"2025-08-22T15:21:43+00:00\" \/>\n<meta property=\"og:image\" content=\"https:\/\/theamelsworld.com\/wp-content\/uploads\/2024\/12\/image-3.jpg\" \/>\n\t<meta property=\"og:image:width\" content=\"2000\" \/>\n\t<meta property=\"og:image:height\" content=\"2000\" \/>\n\t<meta property=\"og:image:type\" content=\"image\/jpeg\" \/>\n<meta name=\"twitter:card\" content=\"summary_large_image\" \/>\n<meta name=\"twitter:label1\" content=\"Est. reading time\" \/>\n\t<meta name=\"twitter:data1\" content=\"1 minute\" \/>\n<script type=\"application\/ld+json\" class=\"yoast-schema-graph\">{\"@context\":\"https:\\\/\\\/schema.org\",\"@graph\":[{\"@type\":\"WebPage\",\"@id\":\"https:\\\/\\\/theamelsworld.com\\\/product\\\/collier-majeste\\\/\",\"url\":\"https:\\\/\\\/theamelsworld.com\\\/product\\\/collier-majeste\\\/\",\"name\":\"Collier \\\"Majest\u00e9\\\" - The Amel&#039;s World\",\"isPartOf\":{\"@id\":\"https:\\\/\\\/theamelsworld.com\\\/#website\"},\"primaryImageOfPage\":{\"@id\":\"https:\\\/\\\/theamelsworld.com\\\/product\\\/collier-majeste\\\/#primaryimage\"},\"image\":{\"@id\":\"https:\\\/\\\/theamelsworld.com\\\/product\\\/collier-majeste\\\/#primaryimage\"},\"thumbnailUrl\":\"https:\\\/\\\/theamelsworld.com\\\/wp-content\\\/uploads\\\/2024\\\/12\\\/image-3.jpg\",\"datePublished\":\"2024-12-09T15:09:12+00:00\",\"dateModified\":\"2025-08-22T15:21:43+00:00\",\"breadcrumb\":{\"@id\":\"https:\\\/\\\/theamelsworld.com\\\/product\\\/collier-majeste\\\/#breadcrumb\"},\"inLanguage\":\"en-US\",\"potentialAction\":[{\"@type\":\"ReadAction\",\"target\":[\"https:\\\/\\\/theamelsworld.com\\\/product\\\/collier-majeste\\\/\"]}]},{\"@type\":\"ImageObject\",\"inLanguage\":\"en-US\",\"@id\":\"https:\\\/\\\/theamelsworld.com\\\/product\\\/collier-majeste\\\/#primaryimage\",\"url\":\"https:\\\/\\\/theamelsworld.com\\\/wp-content\\\/uploads\\\/2024\\\/12\\\/image-3.jpg\",\"contentUrl\":\"https:\\\/\\\/theamelsworld.com\\\/wp-content\\\/uploads\\\/2024\\\/12\\\/image-3.jpg\",\"width\":2000,\"height\":2000,\"caption\":\"Collier \\\"Majest\u00e9\\\" photo principale\"},{\"@type\":\"BreadcrumbList\",\"@id\":\"https:\\\/\\\/theamelsworld.com\\\/product\\\/collier-majeste\\\/#breadcrumb\",\"itemListElement\":[{\"@type\":\"ListItem\",\"position\":1,\"name\":\"Home\",\"item\":\"https:\\\/\\\/theamelsworld.com\\\/\"},{\"@type\":\"ListItem\",\"position\":2,\"name\":\"La Boutique\",\"item\":\"https:\\\/\\\/theamelsworld.com\\\/shop\\\/\"},{\"@type\":\"ListItem\",\"position\":3,\"name\":\"Collier &#8220;Majest\u00e9&#8221;\"}]},{\"@type\":\"WebSite\",\"@id\":\"https:\\\/\\\/theamelsworld.com\\\/#website\",\"url\":\"https:\\\/\\\/theamelsworld.com\\\/\",\"name\":\"The Amel&#039;s World\",\"description\":\"\",\"publisher\":{\"@id\":\"https:\\\/\\\/theamelsworld.com\\\/#organization\"},\"potentialAction\":[{\"@type\":\"SearchAction\",\"target\":{\"@type\":\"EntryPoint\",\"urlTemplate\":\"https:\\\/\\\/theamelsworld.com\\\/?s={search_term_string}\"},\"query-input\":{\"@type\":\"PropertyValueSpecification\",\"valueRequired\":true,\"valueName\":\"search_term_string\"}}],\"inLanguage\":\"en-US\"},{\"@type\":\"Organization\",\"@id\":\"https:\\\/\\\/theamelsworld.com\\\/#organization\",\"name\":\"The Amel&#039;s World\",\"url\":\"https:\\\/\\\/theamelsworld.com\\\/\",\"logo\":{\"@type\":\"ImageObject\",\"inLanguage\":\"en-US\",\"@id\":\"https:\\\/\\\/theamelsworld.com\\\/#\\\/schema\\\/logo\\\/image\\\/\",\"url\":\"https:\\\/\\\/theamelsworld.com\\\/wp-content\\\/uploads\\\/2024\\\/05\\\/Logo-png-transparent-background.png\",\"contentUrl\":\"https:\\\/\\\/theamelsworld.com\\\/wp-content\\\/uploads\\\/2024\\\/05\\\/Logo-png-transparent-background.png\",\"width\":313,\"height\":202,\"caption\":\"The Amel&#039;s World\"},\"image\":{\"@id\":\"https:\\\/\\\/theamelsworld.com\\\/#\\\/schema\\\/logo\\\/image\\\/\"}}]}<\/script>\n<!-- \/ Yoast SEO plugin. -->","yoast_head_json":{"title":"Collier \"Majest\u00e9\" - The Amel&#039;s World","robots":{"index":"index","follow":"follow","max-snippet":"max-snippet:-1","max-image-preview":"max-image-preview:large","max-video-preview":"max-video-preview:-1"},"canonical":"https:\/\/theamelsworld.com\/en\/product\/collier-majeste\/","og_locale":"en_US","og_type":"article","og_title":"Collier \"Majest\u00e9\" - The Amel&#039;s World","og_description":"Malheureusement cet article est en RUPTURE DE STOCK ! Le collier &#8216;Majest\u00e9&#8217; d\u2019Amel&#8217;s World transformera votre avenir en silence, ajoutant une force essentielle \u00e0 votre style pour conqu\u00e9rir le monde avec assurance. Composition : Une cha\u00eene en pierre naturelle de calc\u00e9doine. Pendentif en laiton plaqu\u00e9 Or. Fermoir \u00e0 mousqueton. Fabriqu\u00e9 en France. Taille :\u00a0 Collier [&hellip;]","og_url":"https:\/\/theamelsworld.com\/en\/product\/collier-majeste\/","og_site_name":"The Amel&#039;s World","article_modified_time":"2025-08-22T15:21:43+00:00","og_image":[{"width":2000,"height":2000,"url":"https:\/\/theamelsworld.com\/wp-content\/uploads\/2024\/12\/image-3.jpg","type":"image\/jpeg"}],"twitter_card":"summary_large_image","twitter_misc":{"Est. reading time":"1 minute"},"schema":{"@context":"https:\/\/schema.org","@graph":[{"@type":"WebPage","@id":"https:\/\/theamelsworld.com\/product\/collier-majeste\/","url":"https:\/\/theamelsworld.com\/product\/collier-majeste\/","name":"Collier \"Majest\u00e9\" - The Amel&#039;s World","isPartOf":{"@id":"https:\/\/theamelsworld.com\/#website"},"primaryImageOfPage":{"@id":"https:\/\/theamelsworld.com\/product\/collier-majeste\/#primaryimage"},"image":{"@id":"https:\/\/theamelsworld.com\/product\/collier-majeste\/#primaryimage"},"thumbnailUrl":"https:\/\/theamelsworld.com\/wp-content\/uploads\/2024\/12\/image-3.jpg","datePublished":"2024-12-09T15:09:12+00:00","dateModified":"2025-08-22T15:21:43+00:00","breadcrumb":{"@id":"https:\/\/theamelsworld.com\/product\/collier-majeste\/#breadcrumb"},"inLanguage":"en-US","potentialAction":[{"@type":"ReadAction","target":["https:\/\/theamelsworld.com\/product\/collier-majeste\/"]}]},{"@type":"ImageObject","inLanguage":"en-US","@id":"https:\/\/theamelsworld.com\/product\/collier-majeste\/#primaryimage","url":"https:\/\/theamelsworld.com\/wp-content\/uploads\/2024\/12\/image-3.jpg","contentUrl":"https:\/\/theamelsworld.com\/wp-content\/uploads\/2024\/12\/image-3.jpg","width":2000,"height":2000,"caption":"Collier \"Majest\u00e9\" photo principale"},{"@type":"BreadcrumbList","@id":"https:\/\/theamelsworld.com\/product\/collier-majeste\/#breadcrumb","itemListElement":[{"@type":"ListItem","position":1,"name":"Home","item":"https:\/\/theamelsworld.com\/"},{"@type":"ListItem","position":2,"name":"La Boutique","item":"https:\/\/theamelsworld.com\/shop\/"},{"@type":"ListItem","position":3,"name":"Collier &#8220;Majest\u00e9&#8221;"}]},{"@type":"WebSite","@id":"https:\/\/theamelsworld.com\/#website","url":"https:\/\/theamelsworld.com\/","name":"The Amel&#039;s World","description":"","publisher":{"@id":"https:\/\/theamelsworld.com\/#organization"},"potentialAction":[{"@type":"SearchAction","target":{"@type":"EntryPoint","urlTemplate":"https:\/\/theamelsworld.com\/?s={search_term_string}"},"query-input":{"@type":"PropertyValueSpecification","valueRequired":true,"valueName":"search_term_string"}}],"inLanguage":"en-US"},{"@type":"Organization","@id":"https:\/\/theamelsworld.com\/#organization","name":"The Amel&#039;s World","url":"https:\/\/theamelsworld.com\/","logo":{"@type":"ImageObject","inLanguage":"en-US","@id":"https:\/\/theamelsworld.com\/#\/schema\/logo\/image\/","url":"https:\/\/theamelsworld.com\/wp-content\/uploads\/2024\/05\/Logo-png-transparent-background.png","contentUrl":"https:\/\/theamelsworld.com\/wp-content\/uploads\/2024\/05\/Logo-png-transparent-background.png","width":313,"height":202,"caption":"The Amel&#039;s World"},"image":{"@id":"https:\/\/theamelsworld.com\/#\/schema\/logo\/image\/"}}]}},"_links":{"self":[{"href":"https:\/\/theamelsworld.com\/en\/wp-json\/wp\/v2\/product\/532","targetHints":{"allow":["GET"]}}],"collection":[{"href":"https:\/\/theamelsworld.com\/en\/wp-json\/wp\/v2\/product"}],"about":[{"href":"https:\/\/theamelsworld.com\/en\/wp-json\/wp\/v2\/types\/product"}],"replies":[{"embeddable":true,"href":"https:\/\/theamelsworld.com\/en\/wp-json\/wp\/v2\/comments?post=532"}],"version-history":[{"count":1,"href":"https:\/\/theamelsworld.com\/en\/wp-json\/wp\/v2\/product\/532\/revisions"}],"predecessor-version":[{"id":936,"href":"https:\/\/theamelsworld.com\/en\/wp-json\/wp\/v2\/product\/532\/revisions\/936"}],"wp:featuredmedia":[{"embeddable":true,"href":"https:\/\/theamelsworld.com\/en\/wp-json\/wp\/v2\/media\/1168"}],"wp:attachment":[{"href":"https:\/\/theamelsworld.com\/en\/wp-json\/wp\/v2\/media?parent=532"}],"wp:term":[{"taxonomy":"product_brand","embeddable":true,"href":"https:\/\/theamelsworld.com\/en\/wp-json\/wp\/v2\/product_brand?post=532"},{"taxonomy":"product_cat","embeddable":true,"href":"https:\/\/theamelsworld.com\/en\/wp-json\/wp\/v2\/product_cat?post=532"},{"taxonomy":"product_tag","embeddable":true,"href":"https:\/\/theamelsworld.com\/en\/wp-json\/wp\/v2\/product_tag?post=532"}],"curies":[{"name":"wp","href":"https:\/\/api.w.org\/{rel}","templated":true}]}}