{"id":396,"date":"2024-05-28T05:05:45","date_gmt":"2024-05-28T05:05:45","guid":{"rendered":"https:\/\/theamelsworld.com\/?post_type=product&#038;p=396"},"modified":"2025-08-31T11:23:22","modified_gmt":"2025-08-31T11:23:22","slug":"100-agences-de-mannequin-en-france-ailleurs","status":"publish","type":"product","link":"https:\/\/theamelsworld.com\/en\/product\/100-agences-de-mannequin-en-france-ailleurs\/","title":{"rendered":"E-book \u201c100 Modeling Agencies in France &amp; Elsewhere\u201d"},"content":{"rendered":"<p>This is the first book to list modeling agencies in France and beyond. A hundred agencies to help you find the perfect fit.<br \/>\nThere is something for all types: advertising models, commercial models, sports models, dancers, actors, seniors, etc.<br \/>\nA guide at the beginning that explains how to apply. You have access to the criteria and contacts.<br \/>\nNow it&#039;s your turn!<\/p>","protected":false},"excerpt":{"rendered":"<p>Voici le premier livre qui liste les agences de mannequin en France et Ailleurs. Une centaine d&#8217;agences pour trouver la v\u00f4tre qui vous correspond. Il y en a pour tout les genres; mannequins pubs, commerciaux, sportifs, danseurs, com\u00e9diens, seniors,.. Un guide au d\u00e9but qui vous explique comment postuler. Vous avez acc\u00e8s aux crit\u00e8res &amp; contacts. [&hellip;]<\/p>\n","protected":false},"featured_media":1179,"comment_status":"open","ping_status":"closed","template":"","meta":{"nf_dc_page":""},"product_brand":[],"product_cat":[39],"product_tag":[],"class_list":{"0":"post-396","1":"product","2":"type-product","3":"status-publish","4":"has-post-thumbnail","6":"product_cat-ebook","7":"product_shipping_class-digital-product","9":"first","10":"instock","11":"downloadable","12":"taxable","13":"shipping-taxable","14":"purchasable","15":"product-type-simple"},"yoast_head":"<!-- This site is optimized with the Yoast SEO plugin v27.5 - https:\/\/yoast.com\/product\/yoast-seo-wordpress\/ -->\n<title>E-book &quot;100 Agences de mannequin en France &amp; Ailleurs&quot; - The Amel&#039;s World<\/title>\n<meta name=\"robots\" content=\"index, follow, max-snippet:-1, max-image-preview:large, max-video-preview:-1\" \/>\n<link rel=\"canonical\" href=\"https:\/\/theamelsworld.com\/en\/product\/100-agences-de-mannequin-en-france-ailleurs\/\" \/>\n<meta property=\"og:locale\" content=\"en_US\" \/>\n<meta property=\"og:type\" content=\"article\" \/>\n<meta property=\"og:title\" content=\"E-book &quot;100 Agences de mannequin en France &amp; Ailleurs&quot; - The Amel&#039;s World\" \/>\n<meta property=\"og:description\" content=\"Voici le premier livre qui liste les agences de mannequin en France et Ailleurs. Une centaine d&#8217;agences pour trouver la v\u00f4tre qui vous correspond. Il y en a pour tout les genres; mannequins pubs, commerciaux, sportifs, danseurs, com\u00e9diens, seniors,.. Un guide au d\u00e9but qui vous explique comment postuler. Vous avez acc\u00e8s aux crit\u00e8res &amp; contacts. [&hellip;]\" \/>\n<meta property=\"og:url\" content=\"https:\/\/theamelsworld.com\/en\/product\/100-agences-de-mannequin-en-france-ailleurs\/\" \/>\n<meta property=\"og:site_name\" content=\"The Amel&#039;s World\" \/>\n<meta property=\"article:modified_time\" content=\"2025-08-31T11:23:22+00:00\" \/>\n<meta property=\"og:image\" content=\"https:\/\/theamelsworld.com\/wp-content\/uploads\/2024\/05\/image-9.jpg\" \/>\n\t<meta property=\"og:image:width\" content=\"1500\" \/>\n\t<meta property=\"og:image:height\" content=\"1500\" \/>\n\t<meta property=\"og:image:type\" content=\"image\/jpeg\" \/>\n<meta name=\"twitter:card\" content=\"summary_large_image\" \/>\n<meta name=\"twitter:label1\" content=\"Est. reading time\" \/>\n\t<meta name=\"twitter:data1\" content=\"1 minute\" \/>\n<script type=\"application\/ld+json\" class=\"yoast-schema-graph\">{\"@context\":\"https:\\\/\\\/schema.org\",\"@graph\":[{\"@type\":\"WebPage\",\"@id\":\"https:\\\/\\\/theamelsworld.com\\\/product\\\/100-agences-de-mannequin-en-france-ailleurs\\\/\",\"url\":\"https:\\\/\\\/theamelsworld.com\\\/product\\\/100-agences-de-mannequin-en-france-ailleurs\\\/\",\"name\":\"E-book \\\"100 Agences de mannequin en France & Ailleurs\\\" - The Amel&#039;s World\",\"isPartOf\":{\"@id\":\"https:\\\/\\\/theamelsworld.com\\\/#website\"},\"primaryImageOfPage\":{\"@id\":\"https:\\\/\\\/theamelsworld.com\\\/product\\\/100-agences-de-mannequin-en-france-ailleurs\\\/#primaryimage\"},\"image\":{\"@id\":\"https:\\\/\\\/theamelsworld.com\\\/product\\\/100-agences-de-mannequin-en-france-ailleurs\\\/#primaryimage\"},\"thumbnailUrl\":\"https:\\\/\\\/theamelsworld.com\\\/wp-content\\\/uploads\\\/2024\\\/05\\\/image-9.jpg\",\"datePublished\":\"2024-05-28T05:05:45+00:00\",\"dateModified\":\"2025-08-31T11:23:22+00:00\",\"breadcrumb\":{\"@id\":\"https:\\\/\\\/theamelsworld.com\\\/product\\\/100-agences-de-mannequin-en-france-ailleurs\\\/#breadcrumb\"},\"inLanguage\":\"en-US\",\"potentialAction\":[{\"@type\":\"ReadAction\",\"target\":[\"https:\\\/\\\/theamelsworld.com\\\/product\\\/100-agences-de-mannequin-en-france-ailleurs\\\/\"]}]},{\"@type\":\"ImageObject\",\"inLanguage\":\"en-US\",\"@id\":\"https:\\\/\\\/theamelsworld.com\\\/product\\\/100-agences-de-mannequin-en-france-ailleurs\\\/#primaryimage\",\"url\":\"https:\\\/\\\/theamelsworld.com\\\/wp-content\\\/uploads\\\/2024\\\/05\\\/image-9.jpg\",\"contentUrl\":\"https:\\\/\\\/theamelsworld.com\\\/wp-content\\\/uploads\\\/2024\\\/05\\\/image-9.jpg\",\"width\":1500,\"height\":1500,\"caption\":\"100 Agences de mannequin en France & Ailleurs couverture photo principale\"},{\"@type\":\"BreadcrumbList\",\"@id\":\"https:\\\/\\\/theamelsworld.com\\\/product\\\/100-agences-de-mannequin-en-france-ailleurs\\\/#breadcrumb\",\"itemListElement\":[{\"@type\":\"ListItem\",\"position\":1,\"name\":\"Home\",\"item\":\"https:\\\/\\\/theamelsworld.com\\\/\"},{\"@type\":\"ListItem\",\"position\":2,\"name\":\"La Boutique\",\"item\":\"https:\\\/\\\/theamelsworld.com\\\/shop\\\/\"},{\"@type\":\"ListItem\",\"position\":3,\"name\":\"E-book &#8220;100 Agences de mannequin en France &#038; Ailleurs&#8221;\"}]},{\"@type\":\"WebSite\",\"@id\":\"https:\\\/\\\/theamelsworld.com\\\/#website\",\"url\":\"https:\\\/\\\/theamelsworld.com\\\/\",\"name\":\"The Amel&#039;s World\",\"description\":\"\",\"publisher\":{\"@id\":\"https:\\\/\\\/theamelsworld.com\\\/#organization\"},\"potentialAction\":[{\"@type\":\"SearchAction\",\"target\":{\"@type\":\"EntryPoint\",\"urlTemplate\":\"https:\\\/\\\/theamelsworld.com\\\/?s={search_term_string}\"},\"query-input\":{\"@type\":\"PropertyValueSpecification\",\"valueRequired\":true,\"valueName\":\"search_term_string\"}}],\"inLanguage\":\"en-US\"},{\"@type\":\"Organization\",\"@id\":\"https:\\\/\\\/theamelsworld.com\\\/#organization\",\"name\":\"The Amel&#039;s World\",\"url\":\"https:\\\/\\\/theamelsworld.com\\\/\",\"logo\":{\"@type\":\"ImageObject\",\"inLanguage\":\"en-US\",\"@id\":\"https:\\\/\\\/theamelsworld.com\\\/#\\\/schema\\\/logo\\\/image\\\/\",\"url\":\"https:\\\/\\\/theamelsworld.com\\\/wp-content\\\/uploads\\\/2024\\\/05\\\/Logo-png-transparent-background.png\",\"contentUrl\":\"https:\\\/\\\/theamelsworld.com\\\/wp-content\\\/uploads\\\/2024\\\/05\\\/Logo-png-transparent-background.png\",\"width\":313,\"height\":202,\"caption\":\"The Amel&#039;s World\"},\"image\":{\"@id\":\"https:\\\/\\\/theamelsworld.com\\\/#\\\/schema\\\/logo\\\/image\\\/\"}}]}<\/script>\n<!-- \/ Yoast SEO plugin. -->","yoast_head_json":{"title":"E-book \"100 Agences de mannequin en France & Ailleurs\" - The Amel&#039;s World","robots":{"index":"index","follow":"follow","max-snippet":"max-snippet:-1","max-image-preview":"max-image-preview:large","max-video-preview":"max-video-preview:-1"},"canonical":"https:\/\/theamelsworld.com\/en\/product\/100-agences-de-mannequin-en-france-ailleurs\/","og_locale":"en_US","og_type":"article","og_title":"E-book \"100 Agences de mannequin en France & Ailleurs\" - The Amel&#039;s World","og_description":"Voici le premier livre qui liste les agences de mannequin en France et Ailleurs. Une centaine d&#8217;agences pour trouver la v\u00f4tre qui vous correspond. Il y en a pour tout les genres; mannequins pubs, commerciaux, sportifs, danseurs, com\u00e9diens, seniors,.. Un guide au d\u00e9but qui vous explique comment postuler. Vous avez acc\u00e8s aux crit\u00e8res &amp; contacts. [&hellip;]","og_url":"https:\/\/theamelsworld.com\/en\/product\/100-agences-de-mannequin-en-france-ailleurs\/","og_site_name":"The Amel&#039;s World","article_modified_time":"2025-08-31T11:23:22+00:00","og_image":[{"width":1500,"height":1500,"url":"https:\/\/theamelsworld.com\/wp-content\/uploads\/2024\/05\/image-9.jpg","type":"image\/jpeg"}],"twitter_card":"summary_large_image","twitter_misc":{"Est. reading time":"1 minute"},"schema":{"@context":"https:\/\/schema.org","@graph":[{"@type":"WebPage","@id":"https:\/\/theamelsworld.com\/product\/100-agences-de-mannequin-en-france-ailleurs\/","url":"https:\/\/theamelsworld.com\/product\/100-agences-de-mannequin-en-france-ailleurs\/","name":"E-book \"100 Agences de mannequin en France & Ailleurs\" - The Amel&#039;s World","isPartOf":{"@id":"https:\/\/theamelsworld.com\/#website"},"primaryImageOfPage":{"@id":"https:\/\/theamelsworld.com\/product\/100-agences-de-mannequin-en-france-ailleurs\/#primaryimage"},"image":{"@id":"https:\/\/theamelsworld.com\/product\/100-agences-de-mannequin-en-france-ailleurs\/#primaryimage"},"thumbnailUrl":"https:\/\/theamelsworld.com\/wp-content\/uploads\/2024\/05\/image-9.jpg","datePublished":"2024-05-28T05:05:45+00:00","dateModified":"2025-08-31T11:23:22+00:00","breadcrumb":{"@id":"https:\/\/theamelsworld.com\/product\/100-agences-de-mannequin-en-france-ailleurs\/#breadcrumb"},"inLanguage":"en-US","potentialAction":[{"@type":"ReadAction","target":["https:\/\/theamelsworld.com\/product\/100-agences-de-mannequin-en-france-ailleurs\/"]}]},{"@type":"ImageObject","inLanguage":"en-US","@id":"https:\/\/theamelsworld.com\/product\/100-agences-de-mannequin-en-france-ailleurs\/#primaryimage","url":"https:\/\/theamelsworld.com\/wp-content\/uploads\/2024\/05\/image-9.jpg","contentUrl":"https:\/\/theamelsworld.com\/wp-content\/uploads\/2024\/05\/image-9.jpg","width":1500,"height":1500,"caption":"100 Agences de mannequin en France & Ailleurs couverture photo principale"},{"@type":"BreadcrumbList","@id":"https:\/\/theamelsworld.com\/product\/100-agences-de-mannequin-en-france-ailleurs\/#breadcrumb","itemListElement":[{"@type":"ListItem","position":1,"name":"Home","item":"https:\/\/theamelsworld.com\/"},{"@type":"ListItem","position":2,"name":"La Boutique","item":"https:\/\/theamelsworld.com\/shop\/"},{"@type":"ListItem","position":3,"name":"E-book &#8220;100 Agences de mannequin en France &#038; Ailleurs&#8221;"}]},{"@type":"WebSite","@id":"https:\/\/theamelsworld.com\/#website","url":"https:\/\/theamelsworld.com\/","name":"The Amel&#039;s World","description":"","publisher":{"@id":"https:\/\/theamelsworld.com\/#organization"},"potentialAction":[{"@type":"SearchAction","target":{"@type":"EntryPoint","urlTemplate":"https:\/\/theamelsworld.com\/?s={search_term_string}"},"query-input":{"@type":"PropertyValueSpecification","valueRequired":true,"valueName":"search_term_string"}}],"inLanguage":"en-US"},{"@type":"Organization","@id":"https:\/\/theamelsworld.com\/#organization","name":"The Amel&#039;s World","url":"https:\/\/theamelsworld.com\/","logo":{"@type":"ImageObject","inLanguage":"en-US","@id":"https:\/\/theamelsworld.com\/#\/schema\/logo\/image\/","url":"https:\/\/theamelsworld.com\/wp-content\/uploads\/2024\/05\/Logo-png-transparent-background.png","contentUrl":"https:\/\/theamelsworld.com\/wp-content\/uploads\/2024\/05\/Logo-png-transparent-background.png","width":313,"height":202,"caption":"The Amel&#039;s World"},"image":{"@id":"https:\/\/theamelsworld.com\/#\/schema\/logo\/image\/"}}]}},"_links":{"self":[{"href":"https:\/\/theamelsworld.com\/en\/wp-json\/wp\/v2\/product\/396","targetHints":{"allow":["GET"]}}],"collection":[{"href":"https:\/\/theamelsworld.com\/en\/wp-json\/wp\/v2\/product"}],"about":[{"href":"https:\/\/theamelsworld.com\/en\/wp-json\/wp\/v2\/types\/product"}],"replies":[{"embeddable":true,"href":"https:\/\/theamelsworld.com\/en\/wp-json\/wp\/v2\/comments?post=396"}],"version-history":[{"count":1,"href":"https:\/\/theamelsworld.com\/en\/wp-json\/wp\/v2\/product\/396\/revisions"}],"predecessor-version":[{"id":1178,"href":"https:\/\/theamelsworld.com\/en\/wp-json\/wp\/v2\/product\/396\/revisions\/1178"}],"wp:featuredmedia":[{"embeddable":true,"href":"https:\/\/theamelsworld.com\/en\/wp-json\/wp\/v2\/media\/1179"}],"wp:attachment":[{"href":"https:\/\/theamelsworld.com\/en\/wp-json\/wp\/v2\/media?parent=396"}],"wp:term":[{"taxonomy":"product_brand","embeddable":true,"href":"https:\/\/theamelsworld.com\/en\/wp-json\/wp\/v2\/product_brand?post=396"},{"taxonomy":"product_cat","embeddable":true,"href":"https:\/\/theamelsworld.com\/en\/wp-json\/wp\/v2\/product_cat?post=396"},{"taxonomy":"product_tag","embeddable":true,"href":"https:\/\/theamelsworld.com\/en\/wp-json\/wp\/v2\/product_tag?post=396"}],"curies":[{"name":"wp","href":"https:\/\/api.w.org\/{rel}","templated":true}]}}