{"id":1763,"date":"2025-12-20T15:51:13","date_gmt":"2025-12-20T15:51:13","guid":{"rendered":"https:\/\/theamelsworld.com\/?post_type=product&#038;p=1763"},"modified":"2026-01-09T17:29:29","modified_gmt":"2026-01-09T17:29:29","slug":"the-models-club","status":"publish","type":"product","link":"https:\/\/theamelsworld.com\/en\/product\/the-models-club\/","title":{"rendered":"The Models Club"},"content":{"rendered":"<p><b>Join The Models Club.<\/b><b><\/b><\/p>\n<p>The Models club is a <b>private club<\/b>, reserved for a very limited number of profiles, dedicated to support in modeling.<span class=\"Apple-converted-space\">\u00a0<\/span><\/p>\n<p>During <b>3 months<\/b>, You will benefit from confidential and personalized support, designed to help you understand the codes of modeling and position yourself in the fashion industry.<\/p>\n<p>Each coaching session is individual and tailored to the profile.<\/p>\n<p>INSIDE THE MODELS CLUB<span class=\"Apple-converted-space\"> :<\/span><\/p>\n<ul>\n<li>Understanding the codes and workings of the modeling industry.<\/li>\n<li>Work on image, posture, attitude and professional mindset.<\/li>\n<li>Creation of a portfolio that enhances your image and aligns with market standards.<\/li>\n<li>Access to internal resources (agencies, email structures, professional information).<\/li>\n<li>Support in the application process with agencies.<span class=\"Apple-converted-space\">\u00a0<\/span><\/li>\n<li>When possible, <b>information related to castings, jobs or agencies<\/b> may be communicated, without commitment or guarantee.<\/li>\n<\/ul>\n<p>&nbsp;<\/p>\n<p>\u26a0\ufe0f <b>Access intentionally restricted<\/b> :<\/p>\n<p><b>10 members selected every 3 months<\/b>.<\/p>\n<p>Individual support and strategic monitoring on <b>3 months.<\/b><\/p>\n<p>\ud83d\udc49 Entry to the club is done <b>selection only<\/b>.<\/p>\n<p><strong>An initial exchange is mandatory via the contact page of the Amel&#039;s World before any registration.<\/strong><\/p>\n<p>During this exchange, a contract is provided and must be signed before any payment is made.<span class=\"Apple-converted-space\">\u00a0<\/span><\/p>\n<p>Access conditions :<span class=\"Apple-converted-space\">\u00a0<\/span><\/p>\n<p>Contact must be made by email via the Amel&#039;s World platform.<\/p>\n<p>Must be at least 18 years old.<\/p>","protected":false},"excerpt":{"rendered":"<p>Rejoignez The Models Club. The Models club est un club priv\u00e9, r\u00e9serv\u00e9 \u00e0 un nombre tr\u00e8s limit\u00e9 de profils, d\u00e9di\u00e9 \u00e0 l\u2019accompagnement dans le mannequinat.\u00a0 Pendant 3 mois, vous b\u00e9n\u00e9ficiez d\u2019un accompagnement confidentiel et personnalis\u00e9, destin\u00e9 \u00e0 comprendre les codes du mannequinat et \u00e0 se positionner dans l\u2019industrie de la mode. Chaque accompagnement est individuel [&hellip;]<\/p>\n","protected":false},"featured_media":1764,"comment_status":"open","ping_status":"closed","template":"","meta":{"nf_dc_page":""},"product_brand":[],"product_cat":[63],"product_tag":[],"class_list":{"0":"post-1763","1":"product","2":"type-product","3":"status-publish","4":"has-post-thumbnail","6":"product_cat-coaching","7":"product_shipping_class-digital-product","9":"first","10":"instock","11":"virtual","12":"sold-individually","13":"taxable","14":"purchasable","15":"product-type-simple"},"yoast_head":"<!-- This site is optimized with the Yoast SEO plugin v27.5 - https:\/\/yoast.com\/product\/yoast-seo-wordpress\/ -->\n<title>The models club - The Amel&#039;s World<\/title>\n<meta name=\"robots\" content=\"index, follow, max-snippet:-1, max-image-preview:large, max-video-preview:-1\" \/>\n<link rel=\"canonical\" href=\"https:\/\/theamelsworld.com\/en\/product\/the-models-club\/\" \/>\n<meta property=\"og:locale\" content=\"en_US\" \/>\n<meta property=\"og:type\" content=\"article\" \/>\n<meta property=\"og:title\" content=\"The models club - The Amel&#039;s World\" \/>\n<meta property=\"og:description\" content=\"Rejoignez The Models Club. The Models club est un club priv\u00e9, r\u00e9serv\u00e9 \u00e0 un nombre tr\u00e8s limit\u00e9 de profils, d\u00e9di\u00e9 \u00e0 l\u2019accompagnement dans le mannequinat.\u00a0 Pendant 3 mois, vous b\u00e9n\u00e9ficiez d\u2019un accompagnement confidentiel et personnalis\u00e9, destin\u00e9 \u00e0 comprendre les codes du mannequinat et \u00e0 se positionner dans l\u2019industrie de la mode. Chaque accompagnement est individuel [&hellip;]\" \/>\n<meta property=\"og:url\" content=\"https:\/\/theamelsworld.com\/en\/product\/the-models-club\/\" \/>\n<meta property=\"og:site_name\" content=\"The Amel&#039;s World\" \/>\n<meta property=\"article:modified_time\" content=\"2026-01-09T17:29:29+00:00\" \/>\n<meta property=\"og:image\" content=\"https:\/\/theamelsworld.com\/wp-content\/uploads\/2025\/12\/1.png\" \/>\n\t<meta property=\"og:image:width\" content=\"1500\" \/>\n\t<meta property=\"og:image:height\" content=\"1500\" \/>\n\t<meta property=\"og:image:type\" content=\"image\/png\" \/>\n<meta name=\"twitter:card\" content=\"summary_large_image\" \/>\n<meta name=\"twitter:label1\" content=\"Est. reading time\" \/>\n\t<meta name=\"twitter:data1\" content=\"2 minutes\" \/>\n<script type=\"application\/ld+json\" class=\"yoast-schema-graph\">{\"@context\":\"https:\\\/\\\/schema.org\",\"@graph\":[{\"@type\":\"WebPage\",\"@id\":\"https:\\\/\\\/theamelsworld.com\\\/product\\\/the-models-club\\\/\",\"url\":\"https:\\\/\\\/theamelsworld.com\\\/product\\\/the-models-club\\\/\",\"name\":\"The models club - The Amel&#039;s World\",\"isPartOf\":{\"@id\":\"https:\\\/\\\/theamelsworld.com\\\/#website\"},\"primaryImageOfPage\":{\"@id\":\"https:\\\/\\\/theamelsworld.com\\\/product\\\/the-models-club\\\/#primaryimage\"},\"image\":{\"@id\":\"https:\\\/\\\/theamelsworld.com\\\/product\\\/the-models-club\\\/#primaryimage\"},\"thumbnailUrl\":\"https:\\\/\\\/theamelsworld.com\\\/wp-content\\\/uploads\\\/2025\\\/12\\\/1.png\",\"datePublished\":\"2025-12-20T15:51:13+00:00\",\"dateModified\":\"2026-01-09T17:29:29+00:00\",\"breadcrumb\":{\"@id\":\"https:\\\/\\\/theamelsworld.com\\\/product\\\/the-models-club\\\/#breadcrumb\"},\"inLanguage\":\"en-US\",\"potentialAction\":[{\"@type\":\"ReadAction\",\"target\":[\"https:\\\/\\\/theamelsworld.com\\\/product\\\/the-models-club\\\/\"]}]},{\"@type\":\"ImageObject\",\"inLanguage\":\"en-US\",\"@id\":\"https:\\\/\\\/theamelsworld.com\\\/product\\\/the-models-club\\\/#primaryimage\",\"url\":\"https:\\\/\\\/theamelsworld.com\\\/wp-content\\\/uploads\\\/2025\\\/12\\\/1.png\",\"contentUrl\":\"https:\\\/\\\/theamelsworld.com\\\/wp-content\\\/uploads\\\/2025\\\/12\\\/1.png\",\"width\":1500,\"height\":1500},{\"@type\":\"BreadcrumbList\",\"@id\":\"https:\\\/\\\/theamelsworld.com\\\/product\\\/the-models-club\\\/#breadcrumb\",\"itemListElement\":[{\"@type\":\"ListItem\",\"position\":1,\"name\":\"Home\",\"item\":\"https:\\\/\\\/theamelsworld.com\\\/\"},{\"@type\":\"ListItem\",\"position\":2,\"name\":\"La Boutique\",\"item\":\"https:\\\/\\\/theamelsworld.com\\\/shop\\\/\"},{\"@type\":\"ListItem\",\"position\":3,\"name\":\"The models club\"}]},{\"@type\":\"WebSite\",\"@id\":\"https:\\\/\\\/theamelsworld.com\\\/#website\",\"url\":\"https:\\\/\\\/theamelsworld.com\\\/\",\"name\":\"The Amel&#039;s World\",\"description\":\"\",\"publisher\":{\"@id\":\"https:\\\/\\\/theamelsworld.com\\\/#organization\"},\"potentialAction\":[{\"@type\":\"SearchAction\",\"target\":{\"@type\":\"EntryPoint\",\"urlTemplate\":\"https:\\\/\\\/theamelsworld.com\\\/?s={search_term_string}\"},\"query-input\":{\"@type\":\"PropertyValueSpecification\",\"valueRequired\":true,\"valueName\":\"search_term_string\"}}],\"inLanguage\":\"en-US\"},{\"@type\":\"Organization\",\"@id\":\"https:\\\/\\\/theamelsworld.com\\\/#organization\",\"name\":\"The Amel&#039;s World\",\"url\":\"https:\\\/\\\/theamelsworld.com\\\/\",\"logo\":{\"@type\":\"ImageObject\",\"inLanguage\":\"en-US\",\"@id\":\"https:\\\/\\\/theamelsworld.com\\\/#\\\/schema\\\/logo\\\/image\\\/\",\"url\":\"https:\\\/\\\/theamelsworld.com\\\/wp-content\\\/uploads\\\/2024\\\/05\\\/Logo-png-transparent-background.png\",\"contentUrl\":\"https:\\\/\\\/theamelsworld.com\\\/wp-content\\\/uploads\\\/2024\\\/05\\\/Logo-png-transparent-background.png\",\"width\":313,\"height\":202,\"caption\":\"The Amel&#039;s World\"},\"image\":{\"@id\":\"https:\\\/\\\/theamelsworld.com\\\/#\\\/schema\\\/logo\\\/image\\\/\"}}]}<\/script>\n<!-- \/ Yoast SEO plugin. -->","yoast_head_json":{"title":"The models club - The Amel&#039;s World","robots":{"index":"index","follow":"follow","max-snippet":"max-snippet:-1","max-image-preview":"max-image-preview:large","max-video-preview":"max-video-preview:-1"},"canonical":"https:\/\/theamelsworld.com\/en\/product\/the-models-club\/","og_locale":"en_US","og_type":"article","og_title":"The models club - The Amel&#039;s World","og_description":"Rejoignez The Models Club. The Models club est un club priv\u00e9, r\u00e9serv\u00e9 \u00e0 un nombre tr\u00e8s limit\u00e9 de profils, d\u00e9di\u00e9 \u00e0 l\u2019accompagnement dans le mannequinat.\u00a0 Pendant 3 mois, vous b\u00e9n\u00e9ficiez d\u2019un accompagnement confidentiel et personnalis\u00e9, destin\u00e9 \u00e0 comprendre les codes du mannequinat et \u00e0 se positionner dans l\u2019industrie de la mode. Chaque accompagnement est individuel [&hellip;]","og_url":"https:\/\/theamelsworld.com\/en\/product\/the-models-club\/","og_site_name":"The Amel&#039;s World","article_modified_time":"2026-01-09T17:29:29+00:00","og_image":[{"width":1500,"height":1500,"url":"https:\/\/theamelsworld.com\/wp-content\/uploads\/2025\/12\/1.png","type":"image\/png"}],"twitter_card":"summary_large_image","twitter_misc":{"Est. reading time":"2 minutes"},"schema":{"@context":"https:\/\/schema.org","@graph":[{"@type":"WebPage","@id":"https:\/\/theamelsworld.com\/product\/the-models-club\/","url":"https:\/\/theamelsworld.com\/product\/the-models-club\/","name":"The models club - The Amel&#039;s World","isPartOf":{"@id":"https:\/\/theamelsworld.com\/#website"},"primaryImageOfPage":{"@id":"https:\/\/theamelsworld.com\/product\/the-models-club\/#primaryimage"},"image":{"@id":"https:\/\/theamelsworld.com\/product\/the-models-club\/#primaryimage"},"thumbnailUrl":"https:\/\/theamelsworld.com\/wp-content\/uploads\/2025\/12\/1.png","datePublished":"2025-12-20T15:51:13+00:00","dateModified":"2026-01-09T17:29:29+00:00","breadcrumb":{"@id":"https:\/\/theamelsworld.com\/product\/the-models-club\/#breadcrumb"},"inLanguage":"en-US","potentialAction":[{"@type":"ReadAction","target":["https:\/\/theamelsworld.com\/product\/the-models-club\/"]}]},{"@type":"ImageObject","inLanguage":"en-US","@id":"https:\/\/theamelsworld.com\/product\/the-models-club\/#primaryimage","url":"https:\/\/theamelsworld.com\/wp-content\/uploads\/2025\/12\/1.png","contentUrl":"https:\/\/theamelsworld.com\/wp-content\/uploads\/2025\/12\/1.png","width":1500,"height":1500},{"@type":"BreadcrumbList","@id":"https:\/\/theamelsworld.com\/product\/the-models-club\/#breadcrumb","itemListElement":[{"@type":"ListItem","position":1,"name":"Home","item":"https:\/\/theamelsworld.com\/"},{"@type":"ListItem","position":2,"name":"La Boutique","item":"https:\/\/theamelsworld.com\/shop\/"},{"@type":"ListItem","position":3,"name":"The models club"}]},{"@type":"WebSite","@id":"https:\/\/theamelsworld.com\/#website","url":"https:\/\/theamelsworld.com\/","name":"The Amel&#039;s World","description":"","publisher":{"@id":"https:\/\/theamelsworld.com\/#organization"},"potentialAction":[{"@type":"SearchAction","target":{"@type":"EntryPoint","urlTemplate":"https:\/\/theamelsworld.com\/?s={search_term_string}"},"query-input":{"@type":"PropertyValueSpecification","valueRequired":true,"valueName":"search_term_string"}}],"inLanguage":"en-US"},{"@type":"Organization","@id":"https:\/\/theamelsworld.com\/#organization","name":"The Amel&#039;s World","url":"https:\/\/theamelsworld.com\/","logo":{"@type":"ImageObject","inLanguage":"en-US","@id":"https:\/\/theamelsworld.com\/#\/schema\/logo\/image\/","url":"https:\/\/theamelsworld.com\/wp-content\/uploads\/2024\/05\/Logo-png-transparent-background.png","contentUrl":"https:\/\/theamelsworld.com\/wp-content\/uploads\/2024\/05\/Logo-png-transparent-background.png","width":313,"height":202,"caption":"The Amel&#039;s World"},"image":{"@id":"https:\/\/theamelsworld.com\/#\/schema\/logo\/image\/"}}]}},"_links":{"self":[{"href":"https:\/\/theamelsworld.com\/en\/wp-json\/wp\/v2\/product\/1763","targetHints":{"allow":["GET"]}}],"collection":[{"href":"https:\/\/theamelsworld.com\/en\/wp-json\/wp\/v2\/product"}],"about":[{"href":"https:\/\/theamelsworld.com\/en\/wp-json\/wp\/v2\/types\/product"}],"replies":[{"embeddable":true,"href":"https:\/\/theamelsworld.com\/en\/wp-json\/wp\/v2\/comments?post=1763"}],"version-history":[{"count":10,"href":"https:\/\/theamelsworld.com\/en\/wp-json\/wp\/v2\/product\/1763\/revisions"}],"predecessor-version":[{"id":1879,"href":"https:\/\/theamelsworld.com\/en\/wp-json\/wp\/v2\/product\/1763\/revisions\/1879"}],"wp:featuredmedia":[{"embeddable":true,"href":"https:\/\/theamelsworld.com\/en\/wp-json\/wp\/v2\/media\/1764"}],"wp:attachment":[{"href":"https:\/\/theamelsworld.com\/en\/wp-json\/wp\/v2\/media?parent=1763"}],"wp:term":[{"taxonomy":"product_brand","embeddable":true,"href":"https:\/\/theamelsworld.com\/en\/wp-json\/wp\/v2\/product_brand?post=1763"},{"taxonomy":"product_cat","embeddable":true,"href":"https:\/\/theamelsworld.com\/en\/wp-json\/wp\/v2\/product_cat?post=1763"},{"taxonomy":"product_tag","embeddable":true,"href":"https:\/\/theamelsworld.com\/en\/wp-json\/wp\/v2\/product_tag?post=1763"}],"curies":[{"name":"wp","href":"https:\/\/api.w.org\/{rel}","templated":true}]}}