{"id":1414,"date":"2025-09-13T20:00:18","date_gmt":"2025-09-13T20:00:18","guid":{"rendered":"https:\/\/theamelsworld.com\/?post_type=product&#038;p=1414"},"modified":"2025-09-15T00:53:19","modified_gmt":"2025-09-15T00:53:19","slug":"bague-shinny","status":"publish","type":"product","link":"https:\/\/theamelsworld.com\/en\/product\/bague-shinny\/","title":{"rendered":"\u201cShinny\u201d Ring"},"content":{"rendered":"<p data-start=\"41\" data-end=\"222\">Treat yourself to this unique ring, adorned with a blue topaz from India. Its style will captivate you with unparalleled elegance.<\/p>\n<p data-start=\"224\" data-end=\"243\"><strong data-start=\"224\" data-end=\"241\">Composition :<\/strong><\/p>\n<ul>\n<li data-start=\"222\" data-end=\"234\">925 silver<\/li>\n<li data-start=\"237\" data-end=\"260\">Stone: blue topaz<\/li>\n<li data-start=\"263\" data-end=\"313\">Materials from India<\/li>\n<li data-start=\"263\" data-end=\"313\">Made in India.<\/li>\n<\/ul>\n<p><strong>Size :<\/strong><span class=\"Apple-converted-space\"><strong>\u00a0<\/strong> <\/span><\/p>\n<p>Available in the following sizes: 52 &amp; 49<\/p>\n<p><strong>Interview :<\/strong><\/p>\n<p>Avoid prolonged contact with water to extend the life of your jewelry.<\/p>","protected":false},"excerpt":{"rendered":"<p>Laissez-vous tenter par cette bague unique, orn\u00e9e d\u2019une topaze bleue venue d\u2019Inde. Son style vous envo\u00fbtera par une \u00e9l\u00e9gance sans pareille. Composition : Argent 925 Pierre : topaze bleue Mat\u00e9riaux provenant d\u2019Inde Fabriqu\u00e9e en Inde. Taille :\u00a0 Disponible dans les taille suivante: 52 &amp; 49 Entretien : \u00c9vitez le contact prolong\u00e9 avec l\u2019eau afin de [&hellip;]<\/p>\n","protected":false},"featured_media":1418,"comment_status":"open","ping_status":"closed","template":"","meta":{"nf_dc_page":""},"product_brand":[],"product_cat":[35,58,62],"product_tag":[],"class_list":{"0":"post-1414","1":"product","2":"type-product","3":"status-publish","4":"has-post-thumbnail","6":"product_cat-accessoires","7":"product_cat-bagues","8":"product_cat-collection-india","10":"first","11":"instock","12":"taxable","13":"shipping-taxable","14":"purchasable","15":"product-type-variable"},"yoast_head":"<!-- This site is optimized with the Yoast SEO plugin v27.5 - https:\/\/yoast.com\/product\/yoast-seo-wordpress\/ -->\n<title>Bague &quot;Shinny&quot; - The Amel&#039;s World<\/title>\n<meta name=\"robots\" content=\"index, follow, max-snippet:-1, max-image-preview:large, max-video-preview:-1\" \/>\n<link rel=\"canonical\" href=\"https:\/\/theamelsworld.com\/en\/product\/bague-shinny\/\" \/>\n<meta property=\"og:locale\" content=\"en_US\" \/>\n<meta property=\"og:type\" content=\"article\" \/>\n<meta property=\"og:title\" content=\"Bague &quot;Shinny&quot; - The Amel&#039;s World\" \/>\n<meta property=\"og:description\" content=\"Laissez-vous tenter par cette bague unique, orn\u00e9e d\u2019une topaze bleue venue d\u2019Inde. Son style vous envo\u00fbtera par une \u00e9l\u00e9gance sans pareille. Composition : Argent 925 Pierre : topaze bleue Mat\u00e9riaux provenant d\u2019Inde Fabriqu\u00e9e en Inde. Taille :\u00a0 Disponible dans les taille suivante: 52 &amp; 49 Entretien : \u00c9vitez le contact prolong\u00e9 avec l\u2019eau afin de [&hellip;]\" \/>\n<meta property=\"og:url\" content=\"https:\/\/theamelsworld.com\/en\/product\/bague-shinny\/\" \/>\n<meta property=\"og:site_name\" content=\"The Amel&#039;s World\" \/>\n<meta property=\"article:modified_time\" content=\"2025-09-15T00:53:19+00:00\" \/>\n<meta property=\"og:image\" content=\"https:\/\/theamelsworld.com\/wp-content\/uploads\/2025\/08\/image00016.jpg\" \/>\n\t<meta property=\"og:image:width\" content=\"1500\" \/>\n\t<meta property=\"og:image:height\" content=\"1500\" \/>\n\t<meta property=\"og:image:type\" content=\"image\/jpeg\" \/>\n<meta name=\"twitter:card\" content=\"summary_large_image\" \/>\n<meta name=\"twitter:label1\" content=\"Est. reading time\" \/>\n\t<meta name=\"twitter:data1\" content=\"1 minute\" \/>\n<script type=\"application\/ld+json\" class=\"yoast-schema-graph\">{\"@context\":\"https:\\\/\\\/schema.org\",\"@graph\":[{\"@type\":\"WebPage\",\"@id\":\"https:\\\/\\\/theamelsworld.com\\\/product\\\/bague-shinny\\\/\",\"url\":\"https:\\\/\\\/theamelsworld.com\\\/product\\\/bague-shinny\\\/\",\"name\":\"Bague \\\"Shinny\\\" - The Amel&#039;s World\",\"isPartOf\":{\"@id\":\"https:\\\/\\\/theamelsworld.com\\\/#website\"},\"primaryImageOfPage\":{\"@id\":\"https:\\\/\\\/theamelsworld.com\\\/product\\\/bague-shinny\\\/#primaryimage\"},\"image\":{\"@id\":\"https:\\\/\\\/theamelsworld.com\\\/product\\\/bague-shinny\\\/#primaryimage\"},\"thumbnailUrl\":\"https:\\\/\\\/theamelsworld.com\\\/wp-content\\\/uploads\\\/2025\\\/08\\\/image00016.jpg\",\"datePublished\":\"2025-09-13T20:00:18+00:00\",\"dateModified\":\"2025-09-15T00:53:19+00:00\",\"breadcrumb\":{\"@id\":\"https:\\\/\\\/theamelsworld.com\\\/product\\\/bague-shinny\\\/#breadcrumb\"},\"inLanguage\":\"en-US\",\"potentialAction\":[{\"@type\":\"ReadAction\",\"target\":[\"https:\\\/\\\/theamelsworld.com\\\/product\\\/bague-shinny\\\/\"]}]},{\"@type\":\"ImageObject\",\"inLanguage\":\"en-US\",\"@id\":\"https:\\\/\\\/theamelsworld.com\\\/product\\\/bague-shinny\\\/#primaryimage\",\"url\":\"https:\\\/\\\/theamelsworld.com\\\/wp-content\\\/uploads\\\/2025\\\/08\\\/image00016.jpg\",\"contentUrl\":\"https:\\\/\\\/theamelsworld.com\\\/wp-content\\\/uploads\\\/2025\\\/08\\\/image00016.jpg\",\"width\":1500,\"height\":1500,\"caption\":\"Photo principale bague Shiny\"},{\"@type\":\"BreadcrumbList\",\"@id\":\"https:\\\/\\\/theamelsworld.com\\\/product\\\/bague-shinny\\\/#breadcrumb\",\"itemListElement\":[{\"@type\":\"ListItem\",\"position\":1,\"name\":\"Home\",\"item\":\"https:\\\/\\\/theamelsworld.com\\\/\"},{\"@type\":\"ListItem\",\"position\":2,\"name\":\"La Boutique\",\"item\":\"https:\\\/\\\/theamelsworld.com\\\/shop\\\/\"},{\"@type\":\"ListItem\",\"position\":3,\"name\":\"Bague &#8220;Shinny&#8221;\"}]},{\"@type\":\"WebSite\",\"@id\":\"https:\\\/\\\/theamelsworld.com\\\/#website\",\"url\":\"https:\\\/\\\/theamelsworld.com\\\/\",\"name\":\"The Amel&#039;s World\",\"description\":\"\",\"publisher\":{\"@id\":\"https:\\\/\\\/theamelsworld.com\\\/#organization\"},\"potentialAction\":[{\"@type\":\"SearchAction\",\"target\":{\"@type\":\"EntryPoint\",\"urlTemplate\":\"https:\\\/\\\/theamelsworld.com\\\/?s={search_term_string}\"},\"query-input\":{\"@type\":\"PropertyValueSpecification\",\"valueRequired\":true,\"valueName\":\"search_term_string\"}}],\"inLanguage\":\"en-US\"},{\"@type\":\"Organization\",\"@id\":\"https:\\\/\\\/theamelsworld.com\\\/#organization\",\"name\":\"The Amel&#039;s World\",\"url\":\"https:\\\/\\\/theamelsworld.com\\\/\",\"logo\":{\"@type\":\"ImageObject\",\"inLanguage\":\"en-US\",\"@id\":\"https:\\\/\\\/theamelsworld.com\\\/#\\\/schema\\\/logo\\\/image\\\/\",\"url\":\"https:\\\/\\\/theamelsworld.com\\\/wp-content\\\/uploads\\\/2024\\\/05\\\/Logo-png-transparent-background.png\",\"contentUrl\":\"https:\\\/\\\/theamelsworld.com\\\/wp-content\\\/uploads\\\/2024\\\/05\\\/Logo-png-transparent-background.png\",\"width\":313,\"height\":202,\"caption\":\"The Amel&#039;s World\"},\"image\":{\"@id\":\"https:\\\/\\\/theamelsworld.com\\\/#\\\/schema\\\/logo\\\/image\\\/\"}}]}<\/script>\n<!-- \/ Yoast SEO plugin. -->","yoast_head_json":{"title":"Bague \"Shinny\" - The Amel&#039;s World","robots":{"index":"index","follow":"follow","max-snippet":"max-snippet:-1","max-image-preview":"max-image-preview:large","max-video-preview":"max-video-preview:-1"},"canonical":"https:\/\/theamelsworld.com\/en\/product\/bague-shinny\/","og_locale":"en_US","og_type":"article","og_title":"Bague \"Shinny\" - The Amel&#039;s World","og_description":"Laissez-vous tenter par cette bague unique, orn\u00e9e d\u2019une topaze bleue venue d\u2019Inde. Son style vous envo\u00fbtera par une \u00e9l\u00e9gance sans pareille. Composition : Argent 925 Pierre : topaze bleue Mat\u00e9riaux provenant d\u2019Inde Fabriqu\u00e9e en Inde. Taille :\u00a0 Disponible dans les taille suivante: 52 &amp; 49 Entretien : \u00c9vitez le contact prolong\u00e9 avec l\u2019eau afin de [&hellip;]","og_url":"https:\/\/theamelsworld.com\/en\/product\/bague-shinny\/","og_site_name":"The Amel&#039;s World","article_modified_time":"2025-09-15T00:53:19+00:00","og_image":[{"width":1500,"height":1500,"url":"https:\/\/theamelsworld.com\/wp-content\/uploads\/2025\/08\/image00016.jpg","type":"image\/jpeg"}],"twitter_card":"summary_large_image","twitter_misc":{"Est. reading time":"1 minute"},"schema":{"@context":"https:\/\/schema.org","@graph":[{"@type":"WebPage","@id":"https:\/\/theamelsworld.com\/product\/bague-shinny\/","url":"https:\/\/theamelsworld.com\/product\/bague-shinny\/","name":"Bague \"Shinny\" - The Amel&#039;s World","isPartOf":{"@id":"https:\/\/theamelsworld.com\/#website"},"primaryImageOfPage":{"@id":"https:\/\/theamelsworld.com\/product\/bague-shinny\/#primaryimage"},"image":{"@id":"https:\/\/theamelsworld.com\/product\/bague-shinny\/#primaryimage"},"thumbnailUrl":"https:\/\/theamelsworld.com\/wp-content\/uploads\/2025\/08\/image00016.jpg","datePublished":"2025-09-13T20:00:18+00:00","dateModified":"2025-09-15T00:53:19+00:00","breadcrumb":{"@id":"https:\/\/theamelsworld.com\/product\/bague-shinny\/#breadcrumb"},"inLanguage":"en-US","potentialAction":[{"@type":"ReadAction","target":["https:\/\/theamelsworld.com\/product\/bague-shinny\/"]}]},{"@type":"ImageObject","inLanguage":"en-US","@id":"https:\/\/theamelsworld.com\/product\/bague-shinny\/#primaryimage","url":"https:\/\/theamelsworld.com\/wp-content\/uploads\/2025\/08\/image00016.jpg","contentUrl":"https:\/\/theamelsworld.com\/wp-content\/uploads\/2025\/08\/image00016.jpg","width":1500,"height":1500,"caption":"Photo principale bague Shiny"},{"@type":"BreadcrumbList","@id":"https:\/\/theamelsworld.com\/product\/bague-shinny\/#breadcrumb","itemListElement":[{"@type":"ListItem","position":1,"name":"Home","item":"https:\/\/theamelsworld.com\/"},{"@type":"ListItem","position":2,"name":"La Boutique","item":"https:\/\/theamelsworld.com\/shop\/"},{"@type":"ListItem","position":3,"name":"Bague &#8220;Shinny&#8221;"}]},{"@type":"WebSite","@id":"https:\/\/theamelsworld.com\/#website","url":"https:\/\/theamelsworld.com\/","name":"The Amel&#039;s World","description":"","publisher":{"@id":"https:\/\/theamelsworld.com\/#organization"},"potentialAction":[{"@type":"SearchAction","target":{"@type":"EntryPoint","urlTemplate":"https:\/\/theamelsworld.com\/?s={search_term_string}"},"query-input":{"@type":"PropertyValueSpecification","valueRequired":true,"valueName":"search_term_string"}}],"inLanguage":"en-US"},{"@type":"Organization","@id":"https:\/\/theamelsworld.com\/#organization","name":"The Amel&#039;s World","url":"https:\/\/theamelsworld.com\/","logo":{"@type":"ImageObject","inLanguage":"en-US","@id":"https:\/\/theamelsworld.com\/#\/schema\/logo\/image\/","url":"https:\/\/theamelsworld.com\/wp-content\/uploads\/2024\/05\/Logo-png-transparent-background.png","contentUrl":"https:\/\/theamelsworld.com\/wp-content\/uploads\/2024\/05\/Logo-png-transparent-background.png","width":313,"height":202,"caption":"The Amel&#039;s World"},"image":{"@id":"https:\/\/theamelsworld.com\/#\/schema\/logo\/image\/"}}]}},"_links":{"self":[{"href":"https:\/\/theamelsworld.com\/en\/wp-json\/wp\/v2\/product\/1414","targetHints":{"allow":["GET"]}}],"collection":[{"href":"https:\/\/theamelsworld.com\/en\/wp-json\/wp\/v2\/product"}],"about":[{"href":"https:\/\/theamelsworld.com\/en\/wp-json\/wp\/v2\/types\/product"}],"replies":[{"embeddable":true,"href":"https:\/\/theamelsworld.com\/en\/wp-json\/wp\/v2\/comments?post=1414"}],"version-history":[{"count":2,"href":"https:\/\/theamelsworld.com\/en\/wp-json\/wp\/v2\/product\/1414\/revisions"}],"predecessor-version":[{"id":1631,"href":"https:\/\/theamelsworld.com\/en\/wp-json\/wp\/v2\/product\/1414\/revisions\/1631"}],"wp:featuredmedia":[{"embeddable":true,"href":"https:\/\/theamelsworld.com\/en\/wp-json\/wp\/v2\/media\/1418"}],"wp:attachment":[{"href":"https:\/\/theamelsworld.com\/en\/wp-json\/wp\/v2\/media?parent=1414"}],"wp:term":[{"taxonomy":"product_brand","embeddable":true,"href":"https:\/\/theamelsworld.com\/en\/wp-json\/wp\/v2\/product_brand?post=1414"},{"taxonomy":"product_cat","embeddable":true,"href":"https:\/\/theamelsworld.com\/en\/wp-json\/wp\/v2\/product_cat?post=1414"},{"taxonomy":"product_tag","embeddable":true,"href":"https:\/\/theamelsworld.com\/en\/wp-json\/wp\/v2\/product_tag?post=1414"}],"curies":[{"name":"wp","href":"https:\/\/api.w.org\/{rel}","templated":true}]}}