{"id":1405,"date":"2025-09-13T20:00:23","date_gmt":"2025-09-13T20:00:23","guid":{"rendered":"https:\/\/theamelsworld.com\/?post_type=product&#038;p=1405"},"modified":"2025-09-15T00:52:51","modified_gmt":"2025-09-15T00:52:51","slug":"collier-pure","status":"publish","type":"product","link":"https:\/\/theamelsworld.com\/en\/product\/collier-pure\/","title":{"rendered":"\u201cPure\u201d Necklace"},"content":{"rendered":"<p>This necklace of simplicity <strong data-start=\"87\" data-end=\"95\">pure<\/strong> will finalize your looks <strong data-start=\"117\" data-end=\"134\">non-toxic<\/strong>. Designed for everyday use, without hassle, it accompanies you in <strong data-start=\"209\" data-end=\"218\">all<\/strong> circumstance.<\/p>\n<p><strong>Composition :<\/strong><\/p>\n<ul>\n<li data-start=\"256\" data-end=\"278\">925 silver chain<\/li>\n<li data-start=\"256\" data-end=\"278\">925 silver pendant<\/li>\n<li data-start=\"309\" data-end=\"348\">Stone: topaz, amethyst or citrine<\/li>\n<li data-start=\"351\" data-end=\"383\">Silver lobster clasp<\/li>\n<li data-start=\"386\" data-end=\"447\">Pendant and chain from India.<\/li>\n<li data-start=\"386\" data-end=\"447\">Made in France<\/li>\n<\/ul>\n<p><strong>Size :<\/strong><span class=\"Apple-converted-space\"><strong>\u00a0<\/strong> <\/span><\/p>\n<p>45cm necklace with a 7cm adjustable chain (45\u201352cm)<\/p>\n<p><strong>Interview :<\/strong><\/p>\n<p>Avoid contact with water to preserve your jewelry.<\/p>","protected":false},"excerpt":{"rendered":"<p>Ce collier d\u2019une simplicit\u00e9 pure finalisera vos looks sans toxicit\u00e9. Con\u00e7u pour un usage quotidien, sans prise de t\u00eate, il vous accompagne en toute circonstance. Composition : Cha\u00eene en argent 925 Pendentif en argent 925 Pierre : topaze, am\u00e9thyste ou citrine Fermoir \u00e0 mousqueton en argent Pendentif et cha\u00eene provenant d\u2019Inde. Fabriqu\u00e9 en France Taille [&hellip;]<\/p>\n","protected":false},"featured_media":1409,"comment_status":"open","ping_status":"closed","template":"","meta":{"nf_dc_page":""},"product_brand":[],"product_cat":[35,62,37],"product_tag":[],"class_list":{"0":"post-1405","1":"product","2":"type-product","3":"status-publish","4":"has-post-thumbnail","6":"product_cat-accessoires","7":"product_cat-collection-india","8":"product_cat-colliers","10":"first","11":"instock","12":"taxable","13":"shipping-taxable","14":"purchasable","15":"product-type-variable"},"yoast_head":"<!-- This site is optimized with the Yoast SEO plugin v27.5 - https:\/\/yoast.com\/product\/yoast-seo-wordpress\/ -->\n<title>Collier &quot;Pure&quot; - The Amel&#039;s World<\/title>\n<meta name=\"robots\" content=\"index, follow, max-snippet:-1, max-image-preview:large, max-video-preview:-1\" \/>\n<link rel=\"canonical\" href=\"https:\/\/theamelsworld.com\/en\/product\/collier-pure\/\" \/>\n<meta property=\"og:locale\" content=\"en_US\" \/>\n<meta property=\"og:type\" content=\"article\" \/>\n<meta property=\"og:title\" content=\"Collier &quot;Pure&quot; - The Amel&#039;s World\" \/>\n<meta property=\"og:description\" content=\"Ce collier d\u2019une simplicit\u00e9 pure finalisera vos looks sans toxicit\u00e9. Con\u00e7u pour un usage quotidien, sans prise de t\u00eate, il vous accompagne en toute circonstance. Composition : Cha\u00eene en argent 925 Pendentif en argent 925 Pierre : topaze, am\u00e9thyste ou citrine Fermoir \u00e0 mousqueton en argent Pendentif et cha\u00eene provenant d\u2019Inde. Fabriqu\u00e9 en France Taille [&hellip;]\" \/>\n<meta property=\"og:url\" content=\"https:\/\/theamelsworld.com\/en\/product\/collier-pure\/\" \/>\n<meta property=\"og:site_name\" content=\"The Amel&#039;s World\" \/>\n<meta property=\"article:modified_time\" content=\"2025-09-15T00:52:51+00:00\" \/>\n<meta property=\"og:image\" content=\"https:\/\/theamelsworld.com\/wp-content\/uploads\/2025\/08\/image00011.jpg\" \/>\n\t<meta property=\"og:image:width\" content=\"1500\" \/>\n\t<meta property=\"og:image:height\" content=\"1500\" \/>\n\t<meta property=\"og:image:type\" content=\"image\/jpeg\" \/>\n<meta name=\"twitter:card\" content=\"summary_large_image\" \/>\n<meta name=\"twitter:label1\" content=\"Est. reading time\" \/>\n\t<meta name=\"twitter:data1\" content=\"1 minute\" \/>\n<script type=\"application\/ld+json\" class=\"yoast-schema-graph\">{\"@context\":\"https:\\\/\\\/schema.org\",\"@graph\":[{\"@type\":\"WebPage\",\"@id\":\"https:\\\/\\\/theamelsworld.com\\\/product\\\/collier-pure\\\/\",\"url\":\"https:\\\/\\\/theamelsworld.com\\\/product\\\/collier-pure\\\/\",\"name\":\"Collier \\\"Pure\\\" - The Amel&#039;s World\",\"isPartOf\":{\"@id\":\"https:\\\/\\\/theamelsworld.com\\\/#website\"},\"primaryImageOfPage\":{\"@id\":\"https:\\\/\\\/theamelsworld.com\\\/product\\\/collier-pure\\\/#primaryimage\"},\"image\":{\"@id\":\"https:\\\/\\\/theamelsworld.com\\\/product\\\/collier-pure\\\/#primaryimage\"},\"thumbnailUrl\":\"https:\\\/\\\/theamelsworld.com\\\/wp-content\\\/uploads\\\/2025\\\/08\\\/image00011.jpg\",\"datePublished\":\"2025-09-13T20:00:23+00:00\",\"dateModified\":\"2025-09-15T00:52:51+00:00\",\"breadcrumb\":{\"@id\":\"https:\\\/\\\/theamelsworld.com\\\/product\\\/collier-pure\\\/#breadcrumb\"},\"inLanguage\":\"en-US\",\"potentialAction\":[{\"@type\":\"ReadAction\",\"target\":[\"https:\\\/\\\/theamelsworld.com\\\/product\\\/collier-pure\\\/\"]}]},{\"@type\":\"ImageObject\",\"inLanguage\":\"en-US\",\"@id\":\"https:\\\/\\\/theamelsworld.com\\\/product\\\/collier-pure\\\/#primaryimage\",\"url\":\"https:\\\/\\\/theamelsworld.com\\\/wp-content\\\/uploads\\\/2025\\\/08\\\/image00011.jpg\",\"contentUrl\":\"https:\\\/\\\/theamelsworld.com\\\/wp-content\\\/uploads\\\/2025\\\/08\\\/image00011.jpg\",\"width\":1500,\"height\":1500,\"caption\":\"Collier Pure photo principale\"},{\"@type\":\"BreadcrumbList\",\"@id\":\"https:\\\/\\\/theamelsworld.com\\\/product\\\/collier-pure\\\/#breadcrumb\",\"itemListElement\":[{\"@type\":\"ListItem\",\"position\":1,\"name\":\"Home\",\"item\":\"https:\\\/\\\/theamelsworld.com\\\/\"},{\"@type\":\"ListItem\",\"position\":2,\"name\":\"La Boutique\",\"item\":\"https:\\\/\\\/theamelsworld.com\\\/shop\\\/\"},{\"@type\":\"ListItem\",\"position\":3,\"name\":\"Collier &#8220;Pure&#8221;\"}]},{\"@type\":\"WebSite\",\"@id\":\"https:\\\/\\\/theamelsworld.com\\\/#website\",\"url\":\"https:\\\/\\\/theamelsworld.com\\\/\",\"name\":\"The Amel&#039;s World\",\"description\":\"\",\"publisher\":{\"@id\":\"https:\\\/\\\/theamelsworld.com\\\/#organization\"},\"potentialAction\":[{\"@type\":\"SearchAction\",\"target\":{\"@type\":\"EntryPoint\",\"urlTemplate\":\"https:\\\/\\\/theamelsworld.com\\\/?s={search_term_string}\"},\"query-input\":{\"@type\":\"PropertyValueSpecification\",\"valueRequired\":true,\"valueName\":\"search_term_string\"}}],\"inLanguage\":\"en-US\"},{\"@type\":\"Organization\",\"@id\":\"https:\\\/\\\/theamelsworld.com\\\/#organization\",\"name\":\"The Amel&#039;s World\",\"url\":\"https:\\\/\\\/theamelsworld.com\\\/\",\"logo\":{\"@type\":\"ImageObject\",\"inLanguage\":\"en-US\",\"@id\":\"https:\\\/\\\/theamelsworld.com\\\/#\\\/schema\\\/logo\\\/image\\\/\",\"url\":\"https:\\\/\\\/theamelsworld.com\\\/wp-content\\\/uploads\\\/2024\\\/05\\\/Logo-png-transparent-background.png\",\"contentUrl\":\"https:\\\/\\\/theamelsworld.com\\\/wp-content\\\/uploads\\\/2024\\\/05\\\/Logo-png-transparent-background.png\",\"width\":313,\"height\":202,\"caption\":\"The Amel&#039;s World\"},\"image\":{\"@id\":\"https:\\\/\\\/theamelsworld.com\\\/#\\\/schema\\\/logo\\\/image\\\/\"}}]}<\/script>\n<!-- \/ Yoast SEO plugin. -->","yoast_head_json":{"title":"Collier \"Pure\" - The Amel&#039;s World","robots":{"index":"index","follow":"follow","max-snippet":"max-snippet:-1","max-image-preview":"max-image-preview:large","max-video-preview":"max-video-preview:-1"},"canonical":"https:\/\/theamelsworld.com\/en\/product\/collier-pure\/","og_locale":"en_US","og_type":"article","og_title":"Collier \"Pure\" - The Amel&#039;s World","og_description":"Ce collier d\u2019une simplicit\u00e9 pure finalisera vos looks sans toxicit\u00e9. Con\u00e7u pour un usage quotidien, sans prise de t\u00eate, il vous accompagne en toute circonstance. Composition : Cha\u00eene en argent 925 Pendentif en argent 925 Pierre : topaze, am\u00e9thyste ou citrine Fermoir \u00e0 mousqueton en argent Pendentif et cha\u00eene provenant d\u2019Inde. Fabriqu\u00e9 en France Taille [&hellip;]","og_url":"https:\/\/theamelsworld.com\/en\/product\/collier-pure\/","og_site_name":"The Amel&#039;s World","article_modified_time":"2025-09-15T00:52:51+00:00","og_image":[{"width":1500,"height":1500,"url":"https:\/\/theamelsworld.com\/wp-content\/uploads\/2025\/08\/image00011.jpg","type":"image\/jpeg"}],"twitter_card":"summary_large_image","twitter_misc":{"Est. reading time":"1 minute"},"schema":{"@context":"https:\/\/schema.org","@graph":[{"@type":"WebPage","@id":"https:\/\/theamelsworld.com\/product\/collier-pure\/","url":"https:\/\/theamelsworld.com\/product\/collier-pure\/","name":"Collier \"Pure\" - The Amel&#039;s World","isPartOf":{"@id":"https:\/\/theamelsworld.com\/#website"},"primaryImageOfPage":{"@id":"https:\/\/theamelsworld.com\/product\/collier-pure\/#primaryimage"},"image":{"@id":"https:\/\/theamelsworld.com\/product\/collier-pure\/#primaryimage"},"thumbnailUrl":"https:\/\/theamelsworld.com\/wp-content\/uploads\/2025\/08\/image00011.jpg","datePublished":"2025-09-13T20:00:23+00:00","dateModified":"2025-09-15T00:52:51+00:00","breadcrumb":{"@id":"https:\/\/theamelsworld.com\/product\/collier-pure\/#breadcrumb"},"inLanguage":"en-US","potentialAction":[{"@type":"ReadAction","target":["https:\/\/theamelsworld.com\/product\/collier-pure\/"]}]},{"@type":"ImageObject","inLanguage":"en-US","@id":"https:\/\/theamelsworld.com\/product\/collier-pure\/#primaryimage","url":"https:\/\/theamelsworld.com\/wp-content\/uploads\/2025\/08\/image00011.jpg","contentUrl":"https:\/\/theamelsworld.com\/wp-content\/uploads\/2025\/08\/image00011.jpg","width":1500,"height":1500,"caption":"Collier Pure photo principale"},{"@type":"BreadcrumbList","@id":"https:\/\/theamelsworld.com\/product\/collier-pure\/#breadcrumb","itemListElement":[{"@type":"ListItem","position":1,"name":"Home","item":"https:\/\/theamelsworld.com\/"},{"@type":"ListItem","position":2,"name":"La Boutique","item":"https:\/\/theamelsworld.com\/shop\/"},{"@type":"ListItem","position":3,"name":"Collier &#8220;Pure&#8221;"}]},{"@type":"WebSite","@id":"https:\/\/theamelsworld.com\/#website","url":"https:\/\/theamelsworld.com\/","name":"The Amel&#039;s World","description":"","publisher":{"@id":"https:\/\/theamelsworld.com\/#organization"},"potentialAction":[{"@type":"SearchAction","target":{"@type":"EntryPoint","urlTemplate":"https:\/\/theamelsworld.com\/?s={search_term_string}"},"query-input":{"@type":"PropertyValueSpecification","valueRequired":true,"valueName":"search_term_string"}}],"inLanguage":"en-US"},{"@type":"Organization","@id":"https:\/\/theamelsworld.com\/#organization","name":"The Amel&#039;s World","url":"https:\/\/theamelsworld.com\/","logo":{"@type":"ImageObject","inLanguage":"en-US","@id":"https:\/\/theamelsworld.com\/#\/schema\/logo\/image\/","url":"https:\/\/theamelsworld.com\/wp-content\/uploads\/2024\/05\/Logo-png-transparent-background.png","contentUrl":"https:\/\/theamelsworld.com\/wp-content\/uploads\/2024\/05\/Logo-png-transparent-background.png","width":313,"height":202,"caption":"The Amel&#039;s World"},"image":{"@id":"https:\/\/theamelsworld.com\/#\/schema\/logo\/image\/"}}]}},"_links":{"self":[{"href":"https:\/\/theamelsworld.com\/en\/wp-json\/wp\/v2\/product\/1405","targetHints":{"allow":["GET"]}}],"collection":[{"href":"https:\/\/theamelsworld.com\/en\/wp-json\/wp\/v2\/product"}],"about":[{"href":"https:\/\/theamelsworld.com\/en\/wp-json\/wp\/v2\/types\/product"}],"replies":[{"embeddable":true,"href":"https:\/\/theamelsworld.com\/en\/wp-json\/wp\/v2\/comments?post=1405"}],"version-history":[{"count":1,"href":"https:\/\/theamelsworld.com\/en\/wp-json\/wp\/v2\/product\/1405\/revisions"}],"predecessor-version":[{"id":1622,"href":"https:\/\/theamelsworld.com\/en\/wp-json\/wp\/v2\/product\/1405\/revisions\/1622"}],"wp:featuredmedia":[{"embeddable":true,"href":"https:\/\/theamelsworld.com\/en\/wp-json\/wp\/v2\/media\/1409"}],"wp:attachment":[{"href":"https:\/\/theamelsworld.com\/en\/wp-json\/wp\/v2\/media?parent=1405"}],"wp:term":[{"taxonomy":"product_brand","embeddable":true,"href":"https:\/\/theamelsworld.com\/en\/wp-json\/wp\/v2\/product_brand?post=1405"},{"taxonomy":"product_cat","embeddable":true,"href":"https:\/\/theamelsworld.com\/en\/wp-json\/wp\/v2\/product_cat?post=1405"},{"taxonomy":"product_tag","embeddable":true,"href":"https:\/\/theamelsworld.com\/en\/wp-json\/wp\/v2\/product_tag?post=1405"}],"curies":[{"name":"wp","href":"https:\/\/api.w.org\/{rel}","templated":true}]}}