{"id":1400,"date":"2025-09-13T20:00:06","date_gmt":"2025-09-13T20:00:06","guid":{"rendered":"https:\/\/theamelsworld.com\/?post_type=product&#038;p=1400"},"modified":"2025-09-15T00:53:31","modified_gmt":"2025-09-15T00:53:31","slug":"choker-spiritual","status":"publish","type":"product","link":"https:\/\/theamelsworld.com\/en\/product\/choker-spiritual\/","title":{"rendered":"\u201cSpiritual\u201d Choker"},"content":{"rendered":"<p>Let yourself be tempted by this unique choker adorned with an Indian spiritual sign, a symbol of peace, spirituality and meditation.<\/p>\n<p><strong>Composition :<\/strong><\/p>\n<ul>\n<li data-start=\"208\" data-end=\"226\">White lace.<\/li>\n<li data-start=\"208\" data-end=\"226\">925 silver pendant, decorated with stone.<\/li>\n<li data-start=\"257\" data-end=\"289\">Silver lobster clasp.<\/li>\n<li data-start=\"292\" data-end=\"340\">Pendant from India, French lace.<\/li>\n<li data-start=\"343\" data-end=\"361\">Made in France.<\/li>\n<\/ul>\n<p><strong>Size :<\/strong><span class=\"Apple-converted-space\"><strong>\u00a0<\/strong> <\/span><\/p>\n<p data-start=\"363\" data-end=\"437\">30cm choker with 7cm adjustable chain (30\u201337cm)<\/p>\n<p><strong>Interview :<\/strong><\/p>\n<p>Avoid contact with water to preserve your jewelry.<\/p>","protected":false},"excerpt":{"rendered":"<p>Laissez-vous tenter par ce choker unique orn\u00e9 d\u2019un signe spirituel indien, symbole de paix, de spiritualit\u00e9 et de m\u00e9ditation. Composition : Dentelle blanche. Pendentif en argent 925, orn\u00e9 de pierre. Fermoir \u00e0 mousqueton en argent. Pendentif provenant d\u2019Inde, dentelle fran\u00e7aise. Fabriqu\u00e9 en France. Taille :\u00a0 Choker de 30 cm avec une cha\u00eene r\u00e9glable de 7 [&hellip;]<\/p>\n","protected":false},"featured_media":1401,"comment_status":"open","ping_status":"closed","template":"","meta":{"nf_dc_page":""},"product_brand":[],"product_cat":[35,36,62],"product_tag":[],"class_list":{"0":"post-1400","1":"product","2":"type-product","3":"status-publish","4":"has-post-thumbnail","6":"product_cat-accessoires","7":"product_cat-choker","8":"product_cat-collection-india","10":"first","11":"instock","12":"taxable","13":"shipping-taxable","14":"purchasable","15":"product-type-simple"},"yoast_head":"<!-- This site is optimized with the Yoast SEO plugin v27.5 - https:\/\/yoast.com\/product\/yoast-seo-wordpress\/ -->\n<title>Choker &quot;Spiritual&quot; - The Amel&#039;s World<\/title>\n<meta name=\"robots\" content=\"index, follow, max-snippet:-1, max-image-preview:large, max-video-preview:-1\" \/>\n<link rel=\"canonical\" href=\"https:\/\/theamelsworld.com\/en\/product\/choker-spiritual\/\" \/>\n<meta property=\"og:locale\" content=\"en_US\" \/>\n<meta property=\"og:type\" content=\"article\" \/>\n<meta property=\"og:title\" content=\"Choker &quot;Spiritual&quot; - The Amel&#039;s World\" \/>\n<meta property=\"og:description\" content=\"Laissez-vous tenter par ce choker unique orn\u00e9 d\u2019un signe spirituel indien, symbole de paix, de spiritualit\u00e9 et de m\u00e9ditation. Composition : Dentelle blanche. Pendentif en argent 925, orn\u00e9 de pierre. Fermoir \u00e0 mousqueton en argent. Pendentif provenant d\u2019Inde, dentelle fran\u00e7aise. Fabriqu\u00e9 en France. Taille :\u00a0 Choker de 30 cm avec une cha\u00eene r\u00e9glable de 7 [&hellip;]\" \/>\n<meta property=\"og:url\" content=\"https:\/\/theamelsworld.com\/en\/product\/choker-spiritual\/\" \/>\n<meta property=\"og:site_name\" content=\"The Amel&#039;s World\" \/>\n<meta property=\"article:modified_time\" content=\"2025-09-15T00:53:31+00:00\" \/>\n<meta property=\"og:image\" content=\"https:\/\/theamelsworld.com\/wp-content\/uploads\/2025\/08\/Choker-spiritual-photo-principal.jpg\" \/>\n\t<meta property=\"og:image:width\" content=\"1500\" \/>\n\t<meta property=\"og:image:height\" content=\"1500\" \/>\n\t<meta property=\"og:image:type\" content=\"image\/jpeg\" \/>\n<meta name=\"twitter:card\" content=\"summary_large_image\" \/>\n<meta name=\"twitter:label1\" content=\"Est. reading time\" \/>\n\t<meta name=\"twitter:data1\" content=\"1 minute\" \/>\n<script type=\"application\/ld+json\" class=\"yoast-schema-graph\">{\"@context\":\"https:\\\/\\\/schema.org\",\"@graph\":[{\"@type\":\"WebPage\",\"@id\":\"https:\\\/\\\/theamelsworld.com\\\/product\\\/choker-spiritual\\\/\",\"url\":\"https:\\\/\\\/theamelsworld.com\\\/product\\\/choker-spiritual\\\/\",\"name\":\"Choker \\\"Spiritual\\\" - The Amel&#039;s World\",\"isPartOf\":{\"@id\":\"https:\\\/\\\/theamelsworld.com\\\/#website\"},\"primaryImageOfPage\":{\"@id\":\"https:\\\/\\\/theamelsworld.com\\\/product\\\/choker-spiritual\\\/#primaryimage\"},\"image\":{\"@id\":\"https:\\\/\\\/theamelsworld.com\\\/product\\\/choker-spiritual\\\/#primaryimage\"},\"thumbnailUrl\":\"https:\\\/\\\/theamelsworld.com\\\/wp-content\\\/uploads\\\/2025\\\/08\\\/Choker-spiritual-photo-principal.jpg\",\"datePublished\":\"2025-09-13T20:00:06+00:00\",\"dateModified\":\"2025-09-15T00:53:31+00:00\",\"breadcrumb\":{\"@id\":\"https:\\\/\\\/theamelsworld.com\\\/product\\\/choker-spiritual\\\/#breadcrumb\"},\"inLanguage\":\"en-US\",\"potentialAction\":[{\"@type\":\"ReadAction\",\"target\":[\"https:\\\/\\\/theamelsworld.com\\\/product\\\/choker-spiritual\\\/\"]}]},{\"@type\":\"ImageObject\",\"inLanguage\":\"en-US\",\"@id\":\"https:\\\/\\\/theamelsworld.com\\\/product\\\/choker-spiritual\\\/#primaryimage\",\"url\":\"https:\\\/\\\/theamelsworld.com\\\/wp-content\\\/uploads\\\/2025\\\/08\\\/Choker-spiritual-photo-principal.jpg\",\"contentUrl\":\"https:\\\/\\\/theamelsworld.com\\\/wp-content\\\/uploads\\\/2025\\\/08\\\/Choker-spiritual-photo-principal.jpg\",\"width\":1500,\"height\":1500,\"caption\":\"Choker spiritual photo principal\"},{\"@type\":\"BreadcrumbList\",\"@id\":\"https:\\\/\\\/theamelsworld.com\\\/product\\\/choker-spiritual\\\/#breadcrumb\",\"itemListElement\":[{\"@type\":\"ListItem\",\"position\":1,\"name\":\"Home\",\"item\":\"https:\\\/\\\/theamelsworld.com\\\/\"},{\"@type\":\"ListItem\",\"position\":2,\"name\":\"La Boutique\",\"item\":\"https:\\\/\\\/theamelsworld.com\\\/shop\\\/\"},{\"@type\":\"ListItem\",\"position\":3,\"name\":\"Choker &#8220;Spiritual&#8221;\"}]},{\"@type\":\"WebSite\",\"@id\":\"https:\\\/\\\/theamelsworld.com\\\/#website\",\"url\":\"https:\\\/\\\/theamelsworld.com\\\/\",\"name\":\"The Amel&#039;s World\",\"description\":\"\",\"publisher\":{\"@id\":\"https:\\\/\\\/theamelsworld.com\\\/#organization\"},\"potentialAction\":[{\"@type\":\"SearchAction\",\"target\":{\"@type\":\"EntryPoint\",\"urlTemplate\":\"https:\\\/\\\/theamelsworld.com\\\/?s={search_term_string}\"},\"query-input\":{\"@type\":\"PropertyValueSpecification\",\"valueRequired\":true,\"valueName\":\"search_term_string\"}}],\"inLanguage\":\"en-US\"},{\"@type\":\"Organization\",\"@id\":\"https:\\\/\\\/theamelsworld.com\\\/#organization\",\"name\":\"The Amel&#039;s World\",\"url\":\"https:\\\/\\\/theamelsworld.com\\\/\",\"logo\":{\"@type\":\"ImageObject\",\"inLanguage\":\"en-US\",\"@id\":\"https:\\\/\\\/theamelsworld.com\\\/#\\\/schema\\\/logo\\\/image\\\/\",\"url\":\"https:\\\/\\\/theamelsworld.com\\\/wp-content\\\/uploads\\\/2024\\\/05\\\/Logo-png-transparent-background.png\",\"contentUrl\":\"https:\\\/\\\/theamelsworld.com\\\/wp-content\\\/uploads\\\/2024\\\/05\\\/Logo-png-transparent-background.png\",\"width\":313,\"height\":202,\"caption\":\"The Amel&#039;s World\"},\"image\":{\"@id\":\"https:\\\/\\\/theamelsworld.com\\\/#\\\/schema\\\/logo\\\/image\\\/\"}}]}<\/script>\n<!-- \/ Yoast SEO plugin. -->","yoast_head_json":{"title":"Choker \"Spiritual\" - The Amel&#039;s World","robots":{"index":"index","follow":"follow","max-snippet":"max-snippet:-1","max-image-preview":"max-image-preview:large","max-video-preview":"max-video-preview:-1"},"canonical":"https:\/\/theamelsworld.com\/en\/product\/choker-spiritual\/","og_locale":"en_US","og_type":"article","og_title":"Choker \"Spiritual\" - The Amel&#039;s World","og_description":"Laissez-vous tenter par ce choker unique orn\u00e9 d\u2019un signe spirituel indien, symbole de paix, de spiritualit\u00e9 et de m\u00e9ditation. Composition : Dentelle blanche. Pendentif en argent 925, orn\u00e9 de pierre. Fermoir \u00e0 mousqueton en argent. Pendentif provenant d\u2019Inde, dentelle fran\u00e7aise. Fabriqu\u00e9 en France. Taille :\u00a0 Choker de 30 cm avec une cha\u00eene r\u00e9glable de 7 [&hellip;]","og_url":"https:\/\/theamelsworld.com\/en\/product\/choker-spiritual\/","og_site_name":"The Amel&#039;s World","article_modified_time":"2025-09-15T00:53:31+00:00","og_image":[{"width":1500,"height":1500,"url":"https:\/\/theamelsworld.com\/wp-content\/uploads\/2025\/08\/Choker-spiritual-photo-principal.jpg","type":"image\/jpeg"}],"twitter_card":"summary_large_image","twitter_misc":{"Est. reading time":"1 minute"},"schema":{"@context":"https:\/\/schema.org","@graph":[{"@type":"WebPage","@id":"https:\/\/theamelsworld.com\/product\/choker-spiritual\/","url":"https:\/\/theamelsworld.com\/product\/choker-spiritual\/","name":"Choker \"Spiritual\" - The Amel&#039;s World","isPartOf":{"@id":"https:\/\/theamelsworld.com\/#website"},"primaryImageOfPage":{"@id":"https:\/\/theamelsworld.com\/product\/choker-spiritual\/#primaryimage"},"image":{"@id":"https:\/\/theamelsworld.com\/product\/choker-spiritual\/#primaryimage"},"thumbnailUrl":"https:\/\/theamelsworld.com\/wp-content\/uploads\/2025\/08\/Choker-spiritual-photo-principal.jpg","datePublished":"2025-09-13T20:00:06+00:00","dateModified":"2025-09-15T00:53:31+00:00","breadcrumb":{"@id":"https:\/\/theamelsworld.com\/product\/choker-spiritual\/#breadcrumb"},"inLanguage":"en-US","potentialAction":[{"@type":"ReadAction","target":["https:\/\/theamelsworld.com\/product\/choker-spiritual\/"]}]},{"@type":"ImageObject","inLanguage":"en-US","@id":"https:\/\/theamelsworld.com\/product\/choker-spiritual\/#primaryimage","url":"https:\/\/theamelsworld.com\/wp-content\/uploads\/2025\/08\/Choker-spiritual-photo-principal.jpg","contentUrl":"https:\/\/theamelsworld.com\/wp-content\/uploads\/2025\/08\/Choker-spiritual-photo-principal.jpg","width":1500,"height":1500,"caption":"Choker spiritual photo principal"},{"@type":"BreadcrumbList","@id":"https:\/\/theamelsworld.com\/product\/choker-spiritual\/#breadcrumb","itemListElement":[{"@type":"ListItem","position":1,"name":"Home","item":"https:\/\/theamelsworld.com\/"},{"@type":"ListItem","position":2,"name":"La Boutique","item":"https:\/\/theamelsworld.com\/shop\/"},{"@type":"ListItem","position":3,"name":"Choker &#8220;Spiritual&#8221;"}]},{"@type":"WebSite","@id":"https:\/\/theamelsworld.com\/#website","url":"https:\/\/theamelsworld.com\/","name":"The Amel&#039;s World","description":"","publisher":{"@id":"https:\/\/theamelsworld.com\/#organization"},"potentialAction":[{"@type":"SearchAction","target":{"@type":"EntryPoint","urlTemplate":"https:\/\/theamelsworld.com\/?s={search_term_string}"},"query-input":{"@type":"PropertyValueSpecification","valueRequired":true,"valueName":"search_term_string"}}],"inLanguage":"en-US"},{"@type":"Organization","@id":"https:\/\/theamelsworld.com\/#organization","name":"The Amel&#039;s World","url":"https:\/\/theamelsworld.com\/","logo":{"@type":"ImageObject","inLanguage":"en-US","@id":"https:\/\/theamelsworld.com\/#\/schema\/logo\/image\/","url":"https:\/\/theamelsworld.com\/wp-content\/uploads\/2024\/05\/Logo-png-transparent-background.png","contentUrl":"https:\/\/theamelsworld.com\/wp-content\/uploads\/2024\/05\/Logo-png-transparent-background.png","width":313,"height":202,"caption":"The Amel&#039;s World"},"image":{"@id":"https:\/\/theamelsworld.com\/#\/schema\/logo\/image\/"}}]}},"_links":{"self":[{"href":"https:\/\/theamelsworld.com\/en\/wp-json\/wp\/v2\/product\/1400","targetHints":{"allow":["GET"]}}],"collection":[{"href":"https:\/\/theamelsworld.com\/en\/wp-json\/wp\/v2\/product"}],"about":[{"href":"https:\/\/theamelsworld.com\/en\/wp-json\/wp\/v2\/types\/product"}],"replies":[{"embeddable":true,"href":"https:\/\/theamelsworld.com\/en\/wp-json\/wp\/v2\/comments?post=1400"}],"version-history":[{"count":1,"href":"https:\/\/theamelsworld.com\/en\/wp-json\/wp\/v2\/product\/1400\/revisions"}],"predecessor-version":[{"id":1623,"href":"https:\/\/theamelsworld.com\/en\/wp-json\/wp\/v2\/product\/1400\/revisions\/1623"}],"wp:featuredmedia":[{"embeddable":true,"href":"https:\/\/theamelsworld.com\/en\/wp-json\/wp\/v2\/media\/1401"}],"wp:attachment":[{"href":"https:\/\/theamelsworld.com\/en\/wp-json\/wp\/v2\/media?parent=1400"}],"wp:term":[{"taxonomy":"product_brand","embeddable":true,"href":"https:\/\/theamelsworld.com\/en\/wp-json\/wp\/v2\/product_brand?post=1400"},{"taxonomy":"product_cat","embeddable":true,"href":"https:\/\/theamelsworld.com\/en\/wp-json\/wp\/v2\/product_cat?post=1400"},{"taxonomy":"product_tag","embeddable":true,"href":"https:\/\/theamelsworld.com\/en\/wp-json\/wp\/v2\/product_tag?post=1400"}],"curies":[{"name":"wp","href":"https:\/\/api.w.org\/{rel}","templated":true}]}}