{"id":1069,"date":"2025-03-30T19:24:07","date_gmt":"2025-03-30T19:24:07","guid":{"rendered":"https:\/\/theamelsworld.com\/?post_type=product&#038;p=1069"},"modified":"2025-08-22T23:16:47","modified_gmt":"2025-08-22T23:16:47","slug":"boucles-doreilles-dripping-heart","status":"publish","type":"product","link":"https:\/\/theamelsworld.com\/en\/product\/boucles-doreilles-dripping-heart\/","title":{"rendered":"\u201cDripping Heart\u201d Earrings"},"content":{"rendered":"<p>Discover our pair of \u201cDripping Heart\u201d earrings, a unique fusion of design and elegance. Each earring features a melting heart, with another heart engraved in the center, symbolizing love and passion. The whole thing is mounted on a silver clasp, ensuring your comfort. These earrings combine strength with timeless beauty, perfect for adding a touch of romance to your style, just like Amel&#039;s World.<\/p>\n<p><strong>Composition :<\/strong><\/p>\n<ul>\n<li>Stainless steel pendant.<\/li>\n<li>Silver clasp.<\/li>\n<li>Made in France.<\/li>\n<\/ul>\n<p><strong>Interview :<\/strong><\/p>\n<p>Avoid contact with water for longer life of your jewelry!<\/p>","protected":false},"excerpt":{"rendered":"<p>D\u00e9couvrez notre paire de boucles d&#8217;oreilles &#8220;Dripping Heart&#8221;, une fusion unique de design et d&#8217;\u00e9l\u00e9gance. Chaque boucle pr\u00e9sente un c\u0153ur fondant, avec un autre c\u0153ur grav\u00e9 au centre, symbolisant l&#8217;amour et la passion. Le tout est mont\u00e9 sur un fermoir en argent, assurant votre confort. Ces boucles d&#8217;oreilles allient r\u00e9sistance et beaut\u00e9 intemporelle, parfaites pour [&hellip;]<\/p>\n","protected":false},"featured_media":1075,"comment_status":"open","ping_status":"closed","template":"","meta":{"nf_dc_page":""},"product_brand":[],"product_cat":[35,45],"product_tag":[],"class_list":{"0":"post-1069","1":"product","2":"type-product","3":"status-publish","4":"has-post-thumbnail","6":"product_cat-accessoires","7":"product_cat-boucles-doreilles","9":"first","10":"instock","11":"sale","12":"taxable","13":"shipping-taxable","14":"purchasable","15":"product-type-simple"},"yoast_head":"<!-- This site is optimized with the Yoast SEO plugin v27.5 - https:\/\/yoast.com\/product\/yoast-seo-wordpress\/ -->\n<title>Boucles d&#039;oreilles &quot;Dripping Heart&quot; - The Amel&#039;s World<\/title>\n<meta name=\"robots\" content=\"index, follow, max-snippet:-1, max-image-preview:large, max-video-preview:-1\" \/>\n<link rel=\"canonical\" href=\"https:\/\/theamelsworld.com\/en\/product\/boucles-doreilles-dripping-heart\/\" \/>\n<meta property=\"og:locale\" content=\"en_US\" \/>\n<meta property=\"og:type\" content=\"article\" \/>\n<meta property=\"og:title\" content=\"Boucles d&#039;oreilles &quot;Dripping Heart&quot; - The Amel&#039;s World\" \/>\n<meta property=\"og:description\" content=\"D\u00e9couvrez notre paire de boucles d&#8217;oreilles &#8220;Dripping Heart&#8221;, une fusion unique de design et d&#8217;\u00e9l\u00e9gance. Chaque boucle pr\u00e9sente un c\u0153ur fondant, avec un autre c\u0153ur grav\u00e9 au centre, symbolisant l&#8217;amour et la passion. Le tout est mont\u00e9 sur un fermoir en argent, assurant votre confort. Ces boucles d&#8217;oreilles allient r\u00e9sistance et beaut\u00e9 intemporelle, parfaites pour [&hellip;]\" \/>\n<meta property=\"og:url\" content=\"https:\/\/theamelsworld.com\/en\/product\/boucles-doreilles-dripping-heart\/\" \/>\n<meta property=\"og:site_name\" content=\"The Amel&#039;s World\" \/>\n<meta property=\"article:modified_time\" content=\"2025-08-22T23:16:47+00:00\" \/>\n<meta property=\"og:image\" content=\"https:\/\/theamelsworld.com\/wp-content\/uploads\/2025\/03\/Boucles-doreilles-22Dripping-Heart22-photo-principal.jpg\" \/>\n\t<meta property=\"og:image:width\" content=\"1800\" \/>\n\t<meta property=\"og:image:height\" content=\"1800\" \/>\n\t<meta property=\"og:image:type\" content=\"image\/jpeg\" \/>\n<meta name=\"twitter:card\" content=\"summary_large_image\" \/>\n<meta name=\"twitter:label1\" content=\"Est. reading time\" \/>\n\t<meta name=\"twitter:data1\" content=\"1 minute\" \/>\n<script type=\"application\/ld+json\" class=\"yoast-schema-graph\">{\"@context\":\"https:\\\/\\\/schema.org\",\"@graph\":[{\"@type\":\"WebPage\",\"@id\":\"https:\\\/\\\/theamelsworld.com\\\/product\\\/boucles-doreilles-dripping-heart\\\/\",\"url\":\"https:\\\/\\\/theamelsworld.com\\\/product\\\/boucles-doreilles-dripping-heart\\\/\",\"name\":\"Boucles d'oreilles \\\"Dripping Heart\\\" - The Amel&#039;s World\",\"isPartOf\":{\"@id\":\"https:\\\/\\\/theamelsworld.com\\\/#website\"},\"primaryImageOfPage\":{\"@id\":\"https:\\\/\\\/theamelsworld.com\\\/product\\\/boucles-doreilles-dripping-heart\\\/#primaryimage\"},\"image\":{\"@id\":\"https:\\\/\\\/theamelsworld.com\\\/product\\\/boucles-doreilles-dripping-heart\\\/#primaryimage\"},\"thumbnailUrl\":\"https:\\\/\\\/theamelsworld.com\\\/wp-content\\\/uploads\\\/2025\\\/03\\\/Boucles-doreilles-22Dripping-Heart22-photo-principal.jpg\",\"datePublished\":\"2025-03-30T19:24:07+00:00\",\"dateModified\":\"2025-08-22T23:16:47+00:00\",\"breadcrumb\":{\"@id\":\"https:\\\/\\\/theamelsworld.com\\\/product\\\/boucles-doreilles-dripping-heart\\\/#breadcrumb\"},\"inLanguage\":\"en-US\",\"potentialAction\":[{\"@type\":\"ReadAction\",\"target\":[\"https:\\\/\\\/theamelsworld.com\\\/product\\\/boucles-doreilles-dripping-heart\\\/\"]}]},{\"@type\":\"ImageObject\",\"inLanguage\":\"en-US\",\"@id\":\"https:\\\/\\\/theamelsworld.com\\\/product\\\/boucles-doreilles-dripping-heart\\\/#primaryimage\",\"url\":\"https:\\\/\\\/theamelsworld.com\\\/wp-content\\\/uploads\\\/2025\\\/03\\\/Boucles-doreilles-22Dripping-Heart22-photo-principal.jpg\",\"contentUrl\":\"https:\\\/\\\/theamelsworld.com\\\/wp-content\\\/uploads\\\/2025\\\/03\\\/Boucles-doreilles-22Dripping-Heart22-photo-principal.jpg\",\"width\":1800,\"height\":1800,\"caption\":\"Boucles d'oreilles Dripping Heart photo principal\"},{\"@type\":\"BreadcrumbList\",\"@id\":\"https:\\\/\\\/theamelsworld.com\\\/product\\\/boucles-doreilles-dripping-heart\\\/#breadcrumb\",\"itemListElement\":[{\"@type\":\"ListItem\",\"position\":1,\"name\":\"Home\",\"item\":\"https:\\\/\\\/theamelsworld.com\\\/\"},{\"@type\":\"ListItem\",\"position\":2,\"name\":\"La Boutique\",\"item\":\"https:\\\/\\\/theamelsworld.com\\\/shop\\\/\"},{\"@type\":\"ListItem\",\"position\":3,\"name\":\"Boucles d&#8217;oreilles &#8220;Dripping Heart&#8221;\"}]},{\"@type\":\"WebSite\",\"@id\":\"https:\\\/\\\/theamelsworld.com\\\/#website\",\"url\":\"https:\\\/\\\/theamelsworld.com\\\/\",\"name\":\"The Amel&#039;s World\",\"description\":\"\",\"publisher\":{\"@id\":\"https:\\\/\\\/theamelsworld.com\\\/#organization\"},\"potentialAction\":[{\"@type\":\"SearchAction\",\"target\":{\"@type\":\"EntryPoint\",\"urlTemplate\":\"https:\\\/\\\/theamelsworld.com\\\/?s={search_term_string}\"},\"query-input\":{\"@type\":\"PropertyValueSpecification\",\"valueRequired\":true,\"valueName\":\"search_term_string\"}}],\"inLanguage\":\"en-US\"},{\"@type\":\"Organization\",\"@id\":\"https:\\\/\\\/theamelsworld.com\\\/#organization\",\"name\":\"The Amel&#039;s World\",\"url\":\"https:\\\/\\\/theamelsworld.com\\\/\",\"logo\":{\"@type\":\"ImageObject\",\"inLanguage\":\"en-US\",\"@id\":\"https:\\\/\\\/theamelsworld.com\\\/#\\\/schema\\\/logo\\\/image\\\/\",\"url\":\"https:\\\/\\\/theamelsworld.com\\\/wp-content\\\/uploads\\\/2024\\\/05\\\/Logo-png-transparent-background.png\",\"contentUrl\":\"https:\\\/\\\/theamelsworld.com\\\/wp-content\\\/uploads\\\/2024\\\/05\\\/Logo-png-transparent-background.png\",\"width\":313,\"height\":202,\"caption\":\"The Amel&#039;s World\"},\"image\":{\"@id\":\"https:\\\/\\\/theamelsworld.com\\\/#\\\/schema\\\/logo\\\/image\\\/\"}}]}<\/script>\n<!-- \/ Yoast SEO plugin. -->","yoast_head_json":{"title":"Boucles d'oreilles \"Dripping Heart\" - The Amel&#039;s World","robots":{"index":"index","follow":"follow","max-snippet":"max-snippet:-1","max-image-preview":"max-image-preview:large","max-video-preview":"max-video-preview:-1"},"canonical":"https:\/\/theamelsworld.com\/en\/product\/boucles-doreilles-dripping-heart\/","og_locale":"en_US","og_type":"article","og_title":"Boucles d'oreilles \"Dripping Heart\" - The Amel&#039;s World","og_description":"D\u00e9couvrez notre paire de boucles d&#8217;oreilles &#8220;Dripping Heart&#8221;, une fusion unique de design et d&#8217;\u00e9l\u00e9gance. Chaque boucle pr\u00e9sente un c\u0153ur fondant, avec un autre c\u0153ur grav\u00e9 au centre, symbolisant l&#8217;amour et la passion. Le tout est mont\u00e9 sur un fermoir en argent, assurant votre confort. Ces boucles d&#8217;oreilles allient r\u00e9sistance et beaut\u00e9 intemporelle, parfaites pour [&hellip;]","og_url":"https:\/\/theamelsworld.com\/en\/product\/boucles-doreilles-dripping-heart\/","og_site_name":"The Amel&#039;s World","article_modified_time":"2025-08-22T23:16:47+00:00","og_image":[{"width":1800,"height":1800,"url":"https:\/\/theamelsworld.com\/wp-content\/uploads\/2025\/03\/Boucles-doreilles-22Dripping-Heart22-photo-principal.jpg","type":"image\/jpeg"}],"twitter_card":"summary_large_image","twitter_misc":{"Est. reading time":"1 minute"},"schema":{"@context":"https:\/\/schema.org","@graph":[{"@type":"WebPage","@id":"https:\/\/theamelsworld.com\/product\/boucles-doreilles-dripping-heart\/","url":"https:\/\/theamelsworld.com\/product\/boucles-doreilles-dripping-heart\/","name":"Boucles d'oreilles \"Dripping Heart\" - The Amel&#039;s World","isPartOf":{"@id":"https:\/\/theamelsworld.com\/#website"},"primaryImageOfPage":{"@id":"https:\/\/theamelsworld.com\/product\/boucles-doreilles-dripping-heart\/#primaryimage"},"image":{"@id":"https:\/\/theamelsworld.com\/product\/boucles-doreilles-dripping-heart\/#primaryimage"},"thumbnailUrl":"https:\/\/theamelsworld.com\/wp-content\/uploads\/2025\/03\/Boucles-doreilles-22Dripping-Heart22-photo-principal.jpg","datePublished":"2025-03-30T19:24:07+00:00","dateModified":"2025-08-22T23:16:47+00:00","breadcrumb":{"@id":"https:\/\/theamelsworld.com\/product\/boucles-doreilles-dripping-heart\/#breadcrumb"},"inLanguage":"en-US","potentialAction":[{"@type":"ReadAction","target":["https:\/\/theamelsworld.com\/product\/boucles-doreilles-dripping-heart\/"]}]},{"@type":"ImageObject","inLanguage":"en-US","@id":"https:\/\/theamelsworld.com\/product\/boucles-doreilles-dripping-heart\/#primaryimage","url":"https:\/\/theamelsworld.com\/wp-content\/uploads\/2025\/03\/Boucles-doreilles-22Dripping-Heart22-photo-principal.jpg","contentUrl":"https:\/\/theamelsworld.com\/wp-content\/uploads\/2025\/03\/Boucles-doreilles-22Dripping-Heart22-photo-principal.jpg","width":1800,"height":1800,"caption":"Boucles d'oreilles Dripping Heart photo principal"},{"@type":"BreadcrumbList","@id":"https:\/\/theamelsworld.com\/product\/boucles-doreilles-dripping-heart\/#breadcrumb","itemListElement":[{"@type":"ListItem","position":1,"name":"Home","item":"https:\/\/theamelsworld.com\/"},{"@type":"ListItem","position":2,"name":"La Boutique","item":"https:\/\/theamelsworld.com\/shop\/"},{"@type":"ListItem","position":3,"name":"Boucles d&#8217;oreilles &#8220;Dripping Heart&#8221;"}]},{"@type":"WebSite","@id":"https:\/\/theamelsworld.com\/#website","url":"https:\/\/theamelsworld.com\/","name":"The Amel&#039;s World","description":"","publisher":{"@id":"https:\/\/theamelsworld.com\/#organization"},"potentialAction":[{"@type":"SearchAction","target":{"@type":"EntryPoint","urlTemplate":"https:\/\/theamelsworld.com\/?s={search_term_string}"},"query-input":{"@type":"PropertyValueSpecification","valueRequired":true,"valueName":"search_term_string"}}],"inLanguage":"en-US"},{"@type":"Organization","@id":"https:\/\/theamelsworld.com\/#organization","name":"The Amel&#039;s World","url":"https:\/\/theamelsworld.com\/","logo":{"@type":"ImageObject","inLanguage":"en-US","@id":"https:\/\/theamelsworld.com\/#\/schema\/logo\/image\/","url":"https:\/\/theamelsworld.com\/wp-content\/uploads\/2024\/05\/Logo-png-transparent-background.png","contentUrl":"https:\/\/theamelsworld.com\/wp-content\/uploads\/2024\/05\/Logo-png-transparent-background.png","width":313,"height":202,"caption":"The Amel&#039;s World"},"image":{"@id":"https:\/\/theamelsworld.com\/#\/schema\/logo\/image\/"}}]}},"_links":{"self":[{"href":"https:\/\/theamelsworld.com\/en\/wp-json\/wp\/v2\/product\/1069","targetHints":{"allow":["GET"]}}],"collection":[{"href":"https:\/\/theamelsworld.com\/en\/wp-json\/wp\/v2\/product"}],"about":[{"href":"https:\/\/theamelsworld.com\/en\/wp-json\/wp\/v2\/types\/product"}],"replies":[{"embeddable":true,"href":"https:\/\/theamelsworld.com\/en\/wp-json\/wp\/v2\/comments?post=1069"}],"version-history":[{"count":1,"href":"https:\/\/theamelsworld.com\/en\/wp-json\/wp\/v2\/product\/1069\/revisions"}],"predecessor-version":[{"id":1076,"href":"https:\/\/theamelsworld.com\/en\/wp-json\/wp\/v2\/product\/1069\/revisions\/1076"}],"wp:featuredmedia":[{"embeddable":true,"href":"https:\/\/theamelsworld.com\/en\/wp-json\/wp\/v2\/media\/1075"}],"wp:attachment":[{"href":"https:\/\/theamelsworld.com\/en\/wp-json\/wp\/v2\/media?parent=1069"}],"wp:term":[{"taxonomy":"product_brand","embeddable":true,"href":"https:\/\/theamelsworld.com\/en\/wp-json\/wp\/v2\/product_brand?post=1069"},{"taxonomy":"product_cat","embeddable":true,"href":"https:\/\/theamelsworld.com\/en\/wp-json\/wp\/v2\/product_cat?post=1069"},{"taxonomy":"product_tag","embeddable":true,"href":"https:\/\/theamelsworld.com\/en\/wp-json\/wp\/v2\/product_tag?post=1069"}],"curies":[{"name":"wp","href":"https:\/\/api.w.org\/{rel}","templated":true}]}}