{"id":1848,"date":"2025-12-20T14:00:03","date_gmt":"2025-12-20T14:00:03","guid":{"rendered":"https:\/\/theamelsworld.com\/?page_id=1848"},"modified":"2025-12-20T15:47:28","modified_gmt":"2025-12-20T15:47:28","slug":"the-models-club","status":"publish","type":"page","link":"https:\/\/theamelsworld.com\/en\/the-models-club\/","title":{"rendered":"The Models Club"},"content":{"rendered":"<div data-elementor-type=\"wp-page\" data-elementor-id=\"1848\" class=\"elementor elementor-1848\" data-elementor-post-type=\"page\">\n\t\t\t\t\t\t<section class=\"elementor-section elementor-top-section elementor-element elementor-element-4920b30c elementor-section-full_width elementor-section-height-min-height elementor-section-items-stretch elementor-section-height-default\" data-id=\"4920b30c\" data-element_type=\"section\" data-e-type=\"section\" data-settings=\"{&quot;background_background&quot;:&quot;classic&quot;}\">\n\t\t\t\t\t\t\t<div class=\"elementor-background-overlay\"><\/div>\n\t\t\t\t\t\t\t<div class=\"elementor-container elementor-column-gap-default\">\n\t\t\t\t\t<div class=\"elementor-column elementor-col-33 elementor-top-column elementor-element elementor-element-1f9367f4\" data-id=\"1f9367f4\" data-element_type=\"column\" data-e-type=\"column\">\n\t\t\t<div class=\"elementor-widget-wrap elementor-element-populated\">\n\t\t\t\t\t\t<div class=\"elementor-element elementor-element-6659e014 elementor-widget elementor-widget-woocommerce-breadcrumb\" data-id=\"6659e014\" data-element_type=\"widget\" data-e-type=\"widget\" data-widget_type=\"woocommerce-breadcrumb.default\">\n\t\t\t\t<div class=\"elementor-widget-container\">\n\t\t\t\t\t<nav class=\"woocommerce-breadcrumb\" aria-label=\"Breadcrumb\" data-no-translation=\"\" data-trp-gettext=\"\">Home<\/nav>\t\t\t\t<\/div>\n\t\t\t\t<\/div>\n\t\t\t\t\t<\/div>\n\t\t<\/div>\n\t\t\t\t<div class=\"elementor-column elementor-col-33 elementor-top-column elementor-element elementor-element-64d24a98\" data-id=\"64d24a98\" data-element_type=\"column\" data-e-type=\"column\">\n\t\t\t<div class=\"elementor-widget-wrap\">\n\t\t\t\t\t\t\t<\/div>\n\t\t<\/div>\n\t\t\t\t<div class=\"elementor-column elementor-col-33 elementor-top-column elementor-element elementor-element-1316128e\" data-id=\"1316128e\" data-element_type=\"column\" data-e-type=\"column\">\n\t\t\t<div class=\"elementor-widget-wrap\">\n\t\t\t\t\t\t\t<\/div>\n\t\t<\/div>\n\t\t\t\t\t<\/div>\n\t\t<\/section>\n\t\t<div class=\"elementor-element elementor-element-70b6a40 e-con-full e-flex e-con e-parent\" data-id=\"70b6a40\" data-element_type=\"container\" data-e-type=\"container\">\n\t\t\t\t<div class=\"elementor-element elementor-element-545dedb elementor-widget elementor-widget-heading\" data-id=\"545dedb\" data-element_type=\"widget\" data-e-type=\"widget\" data-widget_type=\"heading.default\">\n\t\t\t\t<div class=\"elementor-widget-container\">\n\t\t\t\t\t<h2 class=\"elementor-heading-title elementor-size-default\">The models by The Amel&#039;s world <\/h2>\t\t\t\t<\/div>\n\t\t\t\t<\/div>\n\t\t<div class=\"elementor-element elementor-element-bbe709b e-con-full e-flex e-con e-child\" data-id=\"bbe709b\" data-element_type=\"container\" data-e-type=\"container\">\n\t\t<div class=\"elementor-element elementor-element-6df43f1 e-flex e-con-boxed e-con e-child\" data-id=\"6df43f1\" data-element_type=\"container\" data-e-type=\"container\">\n\t\t\t\t\t<div class=\"e-con-inner\">\n\t\t\t\t<div class=\"elementor-element elementor-element-f04524d elementor-widget elementor-widget-text-editor\" data-id=\"f04524d\" data-element_type=\"widget\" data-e-type=\"widget\" data-widget_type=\"text-editor.default\">\n\t\t\t\t<div class=\"elementor-widget-container\">\n\t\t\t\t\t\t\t\t\t<p data-start=\"172\" data-end=\"399\">This page gathers resources <strong>specially designed<\/strong> For <strong>transmit essential knowledge<\/strong> of modeling and to support those who wish to understand, integrate and progress in this industry.<\/p><p data-start=\"401\" data-end=\"629\">Here you will find practical tools, guides and support designed to help you structure your career path, better understand the unwritten rules of the industry and to <strong>accessing information that is usually difficult to access<\/strong>.<\/p><p data-start=\"631\" data-end=\"874\" data-is-last-node=\"\" data-is-only-node=\"\">The content offered is intended to evolve: new resources will gradually be added to this page to provide you with additional support for your modeling journey, regardless of your profile or level of experience.<\/p>\t\t\t\t\t\t\t\t<\/div>\n\t\t\t\t<\/div>\n\t\t\t\t\t<\/div>\n\t\t\t\t<\/div>\n\t\t\t\t<\/div>\n\t\t\t\t<\/div>\n\t\t<div class=\"elementor-element elementor-element-a7f2154 e-flex e-con-boxed e-con e-parent\" data-id=\"a7f2154\" data-element_type=\"container\" data-e-type=\"container\">\n\t\t\t\t\t<div class=\"e-con-inner\">\n\t\t<div class=\"elementor-element elementor-element-910ae02 e-con-full e-flex e-con e-child\" data-id=\"910ae02\" data-element_type=\"container\" data-e-type=\"container\">\n\t\t\t\t<div class=\"elementor-element elementor-element-7de7c2c elementor-widget elementor-widget-heading\" data-id=\"7de7c2c\" data-element_type=\"widget\" data-e-type=\"widget\" data-widget_type=\"heading.default\">\n\t\t\t\t<div class=\"elementor-widget-container\">\n\t\t\t\t\t<h2 class=\"elementor-heading-title elementor-size-default\">The Models Club<\/h2>\t\t\t\t<\/div>\n\t\t\t\t<\/div>\n\t\t\t\t<div class=\"elementor-element elementor-element-cf1e23c elementor-widget elementor-widget-text-editor\" data-id=\"cf1e23c\" data-element_type=\"widget\" data-e-type=\"widget\" data-widget_type=\"text-editor.default\">\n\t\t\t\t<div class=\"elementor-widget-container\">\n\t\t\t\t\t\t\t\t\t<p data-start=\"109\" data-end=\"395\"><strong data-start=\"109\" data-end=\"128\">The Models Club<\/strong> is a private and exclusive club dedicated to providing support in the modeling industry.<br data-start=\"204\" data-end=\"207\" \/>During <strong data-start=\"215\" data-end=\"225\">3 months<\/strong>, you benefit from monitoring <strong data-start=\"254\" data-end=\"284\">individual and personalized<\/strong> to understand the fashion industry, work on your image and your professional approach.<\/p><p data-start=\"397\" data-end=\"578\" data-is-last-node=\"\" data-is-only-node=\"\">Access is <strong data-start=\"409\" data-end=\"431\">strictly limited<\/strong> \u00e0 <strong data-start=\"434\" data-end=\"477\">10 profiles selected.\u00a0<\/strong><br data-start=\"478\" data-end=\"481\" \/>Entry only on <strong data-start=\"503\" data-end=\"516\">selection<\/strong>, after an initial exchange via the contact page <strong data-start=\"561\" data-end=\"577\">Amel&#039;s World<\/strong>.<\/p>\t\t\t\t\t\t\t\t<\/div>\n\t\t\t\t<\/div>\n\t\t\t\t<div class=\"elementor-element elementor-element-34b1aef elementor-widget__width-auto elementor-align-center elementor-widget elementor-widget-button\" data-id=\"34b1aef\" data-element_type=\"widget\" data-e-type=\"widget\" data-widget_type=\"button.default\">\n\t\t\t\t<div class=\"elementor-widget-container\">\n\t\t\t\t\t\t\t\t\t<div class=\"elementor-button-wrapper\">\n\t\t\t\t\t<a class=\"elementor-button elementor-button-link elementor-size-sm elementor-animation-shrink\" href=\"https:\/\/theamelsworld.com\/en\/?post_type=product&#038;p=1763\">\n\t\t\t\t\t\t<span class=\"elementor-button-content-wrapper\">\n\t\t\t\t\t\t\t\t\t<span class=\"elementor-button-text\">Join the club<\/span>\n\t\t\t\t\t<\/span>\n\t\t\t\t\t<\/a>\n\t\t\t\t<\/div>\n\t\t\t\t\t\t\t\t<\/div>\n\t\t\t\t<\/div>\n\t\t\t\t<\/div>\n\t\t<div class=\"elementor-element elementor-element-34c6789 e-con-full e-flex e-con e-child\" data-id=\"34c6789\" data-element_type=\"container\" data-e-type=\"container\">\n\t\t\t\t<div class=\"elementor-element elementor-element-e0f5aa6 elementor-widget elementor-widget-image\" data-id=\"e0f5aa6\" data-element_type=\"widget\" data-e-type=\"widget\" data-widget_type=\"image.default\">\n\t\t\t\t<div class=\"elementor-widget-container\">\n\t\t\t\t\t\t\t\t\t\t\t\t\t\t\t<img fetchpriority=\"high\" decoding=\"async\" width=\"800\" height=\"800\" src=\"https:\/\/theamelsworld.com\/wp-content\/uploads\/2025\/12\/1-1024x1024.png\" class=\"attachment-large size-large wp-image-1764\" alt=\"\" srcset=\"https:\/\/theamelsworld.com\/wp-content\/uploads\/2025\/12\/1-1024x1024.png 1024w, https:\/\/theamelsworld.com\/wp-content\/uploads\/2025\/12\/1-300x300.png 300w, https:\/\/theamelsworld.com\/wp-content\/uploads\/2025\/12\/1-100x100.png 100w, https:\/\/theamelsworld.com\/wp-content\/uploads\/2025\/12\/1-400x400.png 400w, https:\/\/theamelsworld.com\/wp-content\/uploads\/2025\/12\/1-150x150.png 150w, https:\/\/theamelsworld.com\/wp-content\/uploads\/2025\/12\/1-768x768.png 768w, https:\/\/theamelsworld.com\/wp-content\/uploads\/2025\/12\/1-12x12.png 12w, https:\/\/theamelsworld.com\/wp-content\/uploads\/2025\/12\/1.png 1500w\" sizes=\"(max-width: 800px) 100vw, 800px\" \/>\t\t\t\t\t\t\t\t\t\t\t\t\t\t\t<\/div>\n\t\t\t\t<\/div>\n\t\t\t\t<\/div>\n\t\t\t\t\t<\/div>\n\t\t\t\t<\/div>\n\t\t<div class=\"elementor-element elementor-element-115e398 e-flex e-con-boxed e-con e-parent\" data-id=\"115e398\" data-element_type=\"container\" data-e-type=\"container\" data-settings=\"{&quot;background_background&quot;:&quot;classic&quot;}\">\n\t\t\t\t\t<div class=\"e-con-inner\">\n\t\t<div class=\"elementor-element elementor-element-0c0802e e-con-full e-flex e-con e-child\" data-id=\"0c0802e\" data-element_type=\"container\" data-e-type=\"container\">\n\t\t\t\t<div class=\"elementor-element elementor-element-ad5df3e elementor-widget elementor-widget-image\" data-id=\"ad5df3e\" data-element_type=\"widget\" data-e-type=\"widget\" data-widget_type=\"image.default\">\n\t\t\t\t<div class=\"elementor-widget-container\">\n\t\t\t\t\t\t\t\t\t\t\t\t\t\t\t<img decoding=\"async\" width=\"800\" height=\"800\" src=\"https:\/\/theamelsworld.com\/wp-content\/uploads\/2024\/05\/categorie-ebook-photo-2.jpeg\" class=\"attachment-large size-large wp-image-1644\" alt=\"categorie ebook photo 2\" srcset=\"https:\/\/theamelsworld.com\/wp-content\/uploads\/2024\/05\/categorie-ebook-photo-2.jpeg 959w, https:\/\/theamelsworld.com\/wp-content\/uploads\/2024\/05\/categorie-ebook-photo-2-300x300.jpeg 300w, https:\/\/theamelsworld.com\/wp-content\/uploads\/2024\/05\/categorie-ebook-photo-2-100x100.jpeg 100w, https:\/\/theamelsworld.com\/wp-content\/uploads\/2024\/05\/categorie-ebook-photo-2-400x400.jpeg 400w, https:\/\/theamelsworld.com\/wp-content\/uploads\/2024\/05\/categorie-ebook-photo-2-150x150.jpeg 150w, https:\/\/theamelsworld.com\/wp-content\/uploads\/2024\/05\/categorie-ebook-photo-2-768x768.jpeg 768w, https:\/\/theamelsworld.com\/wp-content\/uploads\/2024\/05\/categorie-ebook-photo-2-12x12.jpeg 12w\" sizes=\"(max-width: 800px) 100vw, 800px\" \/>\t\t\t\t\t\t\t\t\t\t\t\t\t\t\t<\/div>\n\t\t\t\t<\/div>\n\t\t\t\t<\/div>\n\t\t<div class=\"elementor-element elementor-element-c6bea2e e-con-full e-flex e-con e-child\" data-id=\"c6bea2e\" data-element_type=\"container\" data-e-type=\"container\">\n\t\t\t\t<div class=\"elementor-element elementor-element-bb51085 elementor-widget elementor-widget-heading\" data-id=\"bb51085\" data-element_type=\"widget\" data-e-type=\"widget\" data-widget_type=\"heading.default\">\n\t\t\t\t<div class=\"elementor-widget-container\">\n\t\t\t\t\t<h2 class=\"elementor-heading-title elementor-size-default\">E-BOOK \u201c100 MODELING AGENCIES IN FRANCE &amp; ELSEWHERE\u201d<\/h2>\t\t\t\t<\/div>\n\t\t\t\t<\/div>\n\t\t\t\t<div class=\"elementor-element elementor-element-b31a62a elementor-widget elementor-widget-text-editor\" data-id=\"b31a62a\" data-element_type=\"widget\" data-e-type=\"widget\" data-widget_type=\"text-editor.default\">\n\t\t\t\t<div class=\"elementor-widget-container\">\n\t\t\t\t\t\t\t\t\t<p data-start=\"64\" data-end=\"292\">This eBook is <strong>the first guide to list modeling agencies in France as well as a selection of agencies in Europe<\/strong>. It brings together nearly a hundred agencies to help you identify those that best match your profile.<\/p><p data-start=\"299\" data-end=\"487\">Whatever your world: <br \/>Fashion, commercial, or advertising models, athletes, dancers, actors, seniors, and many more. This guide is for all genres and career paths.<\/p><p data-start=\"494\" data-end=\"682\">As an introduction, a practical guide explains it to you step by step <strong>how to apply effectively<\/strong>. You will find development agencies as well as modeling agencies there. Each agency presents <strong>its selection criteria<\/strong> as well as <strong>his direct contacts<\/strong>.<\/p><p data-start=\"689\" data-end=\"734\" data-is-last-node=\"\">All that&#039;s left for you to do is take action!\u00a0<\/p>\t\t\t\t\t\t\t\t<\/div>\n\t\t\t\t<\/div>\n\t\t\t\t<div class=\"elementor-element elementor-element-4c51bd7 elementor-widget__width-auto elementor-align-center elementor-widget elementor-widget-button\" data-id=\"4c51bd7\" data-element_type=\"widget\" data-e-type=\"widget\" data-widget_type=\"button.default\">\n\t\t\t\t<div class=\"elementor-widget-container\">\n\t\t\t\t\t\t\t\t\t<div class=\"elementor-button-wrapper\">\n\t\t\t\t\t<a class=\"elementor-button elementor-button-link elementor-size-sm elementor-animation-shrink\" href=\"https:\/\/theamelsworld.com\/en\/product\/100-agences-de-mannequin-en-france-ailleurs\/\">\n\t\t\t\t\t\t<span class=\"elementor-button-content-wrapper\">\n\t\t\t\t\t\t\t\t\t<span class=\"elementor-button-text\">See the E-Book<\/span>\n\t\t\t\t\t<\/span>\n\t\t\t\t\t<\/a>\n\t\t\t\t<\/div>\n\t\t\t\t\t\t\t\t<\/div>\n\t\t\t\t<\/div>\n\t\t\t\t<\/div>\n\t\t\t\t\t<\/div>\n\t\t\t\t<\/div>\n\t\t\t\t<\/div>","protected":false},"excerpt":{"rendered":"<p>The models by The Amel&#8217;s world Cette page regroupe des ressources sp\u00e9cialement con\u00e7ues pour transmettre les connaissances essentielles du mannequinat et accompagner celles et ceux qui souhaitent comprendre, int\u00e9grer et \u00e9voluer dans cette industrie. Vous y trouverez des outils pratiques, des guides et des accompagnements pens\u00e9s pour vous aider \u00e0 structurer votre parcours, \u00e0 mieux [&hellip;]<\/p>\n","protected":false},"author":1,"featured_media":0,"parent":0,"menu_order":0,"comment_status":"closed","ping_status":"closed","template":"elementor_canvas","meta":{"nf_dc_page":"","footnotes":""},"class_list":["post-1848","page","type-page","status-publish","hentry"],"yoast_head":"<!-- This site is optimized with the Yoast SEO plugin v27.5 - https:\/\/yoast.com\/product\/yoast-seo-wordpress\/ -->\n<title>The models club - The Amel&#039;s World<\/title>\n<meta name=\"robots\" content=\"index, follow, max-snippet:-1, max-image-preview:large, max-video-preview:-1\" \/>\n<link rel=\"canonical\" href=\"https:\/\/theamelsworld.com\/en\/the-models-club\/\" \/>\n<meta property=\"og:locale\" content=\"en_US\" \/>\n<meta property=\"og:type\" content=\"article\" \/>\n<meta property=\"og:title\" content=\"The models club - The Amel&#039;s World\" \/>\n<meta property=\"og:description\" content=\"The models by The Amel&#8217;s world Cette page regroupe des ressources sp\u00e9cialement con\u00e7ues pour transmettre les connaissances essentielles du mannequinat et accompagner celles et ceux qui souhaitent comprendre, int\u00e9grer et \u00e9voluer dans cette industrie. Vous y trouverez des outils pratiques, des guides et des accompagnements pens\u00e9s pour vous aider \u00e0 structurer votre parcours, \u00e0 mieux [&hellip;]\" \/>\n<meta property=\"og:url\" content=\"https:\/\/theamelsworld.com\/en\/the-models-club\/\" \/>\n<meta property=\"og:site_name\" content=\"The Amel&#039;s World\" \/>\n<meta property=\"article:modified_time\" content=\"2025-12-20T15:47:28+00:00\" \/>\n<meta property=\"og:image\" content=\"https:\/\/theamelsworld.com\/wp-content\/uploads\/2025\/12\/1.png\" \/>\n\t<meta property=\"og:image:width\" content=\"1500\" \/>\n\t<meta property=\"og:image:height\" content=\"1500\" \/>\n\t<meta property=\"og:image:type\" content=\"image\/png\" \/>\n<meta name=\"twitter:card\" content=\"summary_large_image\" \/>\n<meta name=\"twitter:label1\" content=\"Est. reading time\" \/>\n\t<meta name=\"twitter:data1\" content=\"2 minutes\" \/>\n<script type=\"application\/ld+json\" class=\"yoast-schema-graph\">{\"@context\":\"https:\\\/\\\/schema.org\",\"@graph\":[{\"@type\":\"WebPage\",\"@id\":\"https:\\\/\\\/theamelsworld.com\\\/the-models-club\\\/\",\"url\":\"https:\\\/\\\/theamelsworld.com\\\/the-models-club\\\/\",\"name\":\"The models club - The Amel&#039;s World\",\"isPartOf\":{\"@id\":\"https:\\\/\\\/theamelsworld.com\\\/#website\"},\"primaryImageOfPage\":{\"@id\":\"https:\\\/\\\/theamelsworld.com\\\/the-models-club\\\/#primaryimage\"},\"image\":{\"@id\":\"https:\\\/\\\/theamelsworld.com\\\/the-models-club\\\/#primaryimage\"},\"thumbnailUrl\":\"https:\\\/\\\/theamelsworld.com\\\/wp-content\\\/uploads\\\/2025\\\/12\\\/1-1024x1024.png\",\"datePublished\":\"2025-12-20T14:00:03+00:00\",\"dateModified\":\"2025-12-20T15:47:28+00:00\",\"breadcrumb\":{\"@id\":\"https:\\\/\\\/theamelsworld.com\\\/the-models-club\\\/#breadcrumb\"},\"inLanguage\":\"en-US\",\"potentialAction\":[{\"@type\":\"ReadAction\",\"target\":[\"https:\\\/\\\/theamelsworld.com\\\/the-models-club\\\/\"]}]},{\"@type\":\"ImageObject\",\"inLanguage\":\"en-US\",\"@id\":\"https:\\\/\\\/theamelsworld.com\\\/the-models-club\\\/#primaryimage\",\"url\":\"https:\\\/\\\/theamelsworld.com\\\/wp-content\\\/uploads\\\/2025\\\/12\\\/1-1024x1024.png\",\"contentUrl\":\"https:\\\/\\\/theamelsworld.com\\\/wp-content\\\/uploads\\\/2025\\\/12\\\/1-1024x1024.png\"},{\"@type\":\"BreadcrumbList\",\"@id\":\"https:\\\/\\\/theamelsworld.com\\\/the-models-club\\\/#breadcrumb\",\"itemListElement\":[{\"@type\":\"ListItem\",\"position\":1,\"name\":\"Home\",\"item\":\"https:\\\/\\\/theamelsworld.com\\\/\"},{\"@type\":\"ListItem\",\"position\":2,\"name\":\"The models club\"}]},{\"@type\":\"WebSite\",\"@id\":\"https:\\\/\\\/theamelsworld.com\\\/#website\",\"url\":\"https:\\\/\\\/theamelsworld.com\\\/\",\"name\":\"The Amel&#039;s World\",\"description\":\"\",\"publisher\":{\"@id\":\"https:\\\/\\\/theamelsworld.com\\\/#organization\"},\"potentialAction\":[{\"@type\":\"SearchAction\",\"target\":{\"@type\":\"EntryPoint\",\"urlTemplate\":\"https:\\\/\\\/theamelsworld.com\\\/?s={search_term_string}\"},\"query-input\":{\"@type\":\"PropertyValueSpecification\",\"valueRequired\":true,\"valueName\":\"search_term_string\"}}],\"inLanguage\":\"en-US\"},{\"@type\":\"Organization\",\"@id\":\"https:\\\/\\\/theamelsworld.com\\\/#organization\",\"name\":\"The Amel&#039;s World\",\"url\":\"https:\\\/\\\/theamelsworld.com\\\/\",\"logo\":{\"@type\":\"ImageObject\",\"inLanguage\":\"en-US\",\"@id\":\"https:\\\/\\\/theamelsworld.com\\\/#\\\/schema\\\/logo\\\/image\\\/\",\"url\":\"https:\\\/\\\/theamelsworld.com\\\/wp-content\\\/uploads\\\/2024\\\/05\\\/Logo-png-transparent-background.png\",\"contentUrl\":\"https:\\\/\\\/theamelsworld.com\\\/wp-content\\\/uploads\\\/2024\\\/05\\\/Logo-png-transparent-background.png\",\"width\":313,\"height\":202,\"caption\":\"The Amel&#039;s World\"},\"image\":{\"@id\":\"https:\\\/\\\/theamelsworld.com\\\/#\\\/schema\\\/logo\\\/image\\\/\"}}]}<\/script>\n<!-- \/ Yoast SEO plugin. -->","yoast_head_json":{"title":"The models club - The Amel&#039;s World","robots":{"index":"index","follow":"follow","max-snippet":"max-snippet:-1","max-image-preview":"max-image-preview:large","max-video-preview":"max-video-preview:-1"},"canonical":"https:\/\/theamelsworld.com\/en\/the-models-club\/","og_locale":"en_US","og_type":"article","og_title":"The models club - The Amel&#039;s World","og_description":"The models by The Amel&#8217;s world Cette page regroupe des ressources sp\u00e9cialement con\u00e7ues pour transmettre les connaissances essentielles du mannequinat et accompagner celles et ceux qui souhaitent comprendre, int\u00e9grer et \u00e9voluer dans cette industrie. Vous y trouverez des outils pratiques, des guides et des accompagnements pens\u00e9s pour vous aider \u00e0 structurer votre parcours, \u00e0 mieux [&hellip;]","og_url":"https:\/\/theamelsworld.com\/en\/the-models-club\/","og_site_name":"The Amel&#039;s World","article_modified_time":"2025-12-20T15:47:28+00:00","og_image":[{"width":1500,"height":1500,"url":"https:\/\/theamelsworld.com\/wp-content\/uploads\/2025\/12\/1.png","type":"image\/png"}],"twitter_card":"summary_large_image","twitter_misc":{"Est. reading time":"2 minutes"},"schema":{"@context":"https:\/\/schema.org","@graph":[{"@type":"WebPage","@id":"https:\/\/theamelsworld.com\/the-models-club\/","url":"https:\/\/theamelsworld.com\/the-models-club\/","name":"The models club - The Amel&#039;s World","isPartOf":{"@id":"https:\/\/theamelsworld.com\/#website"},"primaryImageOfPage":{"@id":"https:\/\/theamelsworld.com\/the-models-club\/#primaryimage"},"image":{"@id":"https:\/\/theamelsworld.com\/the-models-club\/#primaryimage"},"thumbnailUrl":"https:\/\/theamelsworld.com\/wp-content\/uploads\/2025\/12\/1-1024x1024.png","datePublished":"2025-12-20T14:00:03+00:00","dateModified":"2025-12-20T15:47:28+00:00","breadcrumb":{"@id":"https:\/\/theamelsworld.com\/the-models-club\/#breadcrumb"},"inLanguage":"en-US","potentialAction":[{"@type":"ReadAction","target":["https:\/\/theamelsworld.com\/the-models-club\/"]}]},{"@type":"ImageObject","inLanguage":"en-US","@id":"https:\/\/theamelsworld.com\/the-models-club\/#primaryimage","url":"https:\/\/theamelsworld.com\/wp-content\/uploads\/2025\/12\/1-1024x1024.png","contentUrl":"https:\/\/theamelsworld.com\/wp-content\/uploads\/2025\/12\/1-1024x1024.png"},{"@type":"BreadcrumbList","@id":"https:\/\/theamelsworld.com\/the-models-club\/#breadcrumb","itemListElement":[{"@type":"ListItem","position":1,"name":"Home","item":"https:\/\/theamelsworld.com\/"},{"@type":"ListItem","position":2,"name":"The models club"}]},{"@type":"WebSite","@id":"https:\/\/theamelsworld.com\/#website","url":"https:\/\/theamelsworld.com\/","name":"The Amel&#039;s World","description":"","publisher":{"@id":"https:\/\/theamelsworld.com\/#organization"},"potentialAction":[{"@type":"SearchAction","target":{"@type":"EntryPoint","urlTemplate":"https:\/\/theamelsworld.com\/?s={search_term_string}"},"query-input":{"@type":"PropertyValueSpecification","valueRequired":true,"valueName":"search_term_string"}}],"inLanguage":"en-US"},{"@type":"Organization","@id":"https:\/\/theamelsworld.com\/#organization","name":"The Amel&#039;s World","url":"https:\/\/theamelsworld.com\/","logo":{"@type":"ImageObject","inLanguage":"en-US","@id":"https:\/\/theamelsworld.com\/#\/schema\/logo\/image\/","url":"https:\/\/theamelsworld.com\/wp-content\/uploads\/2024\/05\/Logo-png-transparent-background.png","contentUrl":"https:\/\/theamelsworld.com\/wp-content\/uploads\/2024\/05\/Logo-png-transparent-background.png","width":313,"height":202,"caption":"The Amel&#039;s World"},"image":{"@id":"https:\/\/theamelsworld.com\/#\/schema\/logo\/image\/"}}]}},"_links":{"self":[{"href":"https:\/\/theamelsworld.com\/en\/wp-json\/wp\/v2\/pages\/1848","targetHints":{"allow":["GET"]}}],"collection":[{"href":"https:\/\/theamelsworld.com\/en\/wp-json\/wp\/v2\/pages"}],"about":[{"href":"https:\/\/theamelsworld.com\/en\/wp-json\/wp\/v2\/types\/page"}],"author":[{"embeddable":true,"href":"https:\/\/theamelsworld.com\/en\/wp-json\/wp\/v2\/users\/1"}],"replies":[{"embeddable":true,"href":"https:\/\/theamelsworld.com\/en\/wp-json\/wp\/v2\/comments?post=1848"}],"version-history":[{"count":20,"href":"https:\/\/theamelsworld.com\/en\/wp-json\/wp\/v2\/pages\/1848\/revisions"}],"predecessor-version":[{"id":1877,"href":"https:\/\/theamelsworld.com\/en\/wp-json\/wp\/v2\/pages\/1848\/revisions\/1877"}],"wp:attachment":[{"href":"https:\/\/theamelsworld.com\/en\/wp-json\/wp\/v2\/media?parent=1848"}],"curies":[{"name":"wp","href":"https:\/\/api.w.org\/{rel}","templated":true}]}}